{"id":9012,"date":"2026-01-07T13:01:52","date_gmt":"2026-01-07T12:01:52","guid":{"rendered":"https:\/\/www.silent-ride.ch\/wordpress\/?post_type=product&#038;p=9012"},"modified":"2026-03-26T04:28:32","modified_gmt":"2026-03-26T03:28:32","slug":"e-scooter-x2","status":"publish","type":"product","link":"https:\/\/www.silent-ride.ch\/wordpress\/produkt\/e-scooter-x2\/","title":{"rendered":"E-Scooter X2"},"content":{"rendered":"\t\t<div data-elementor-type=\"wp-post\" data-elementor-id=\"9012\" class=\"elementor elementor-9012\" data-elementor-settings=\"[]\">\n\t\t\t\t\t\t<div class=\"elementor-inner\">\n\t\t\t\t\t\t\t<div class=\"elementor-section-wrap\">\n\t\t\t\t\t\t\t<section class=\"elementor-section elementor-top-section elementor-element elementor-element-334ca462 elementor-section-boxed elementor-section-height-default elementor-section-height-default\" data-id=\"334ca462\" data-element_type=\"section\">\n\t\t\t\t\t\t<div class=\"elementor-container elementor-column-gap-default\">\n\t\t\t\t\t\t\t<div class=\"elementor-row\">\n\t\t\t\t\t<div class=\"elementor-column elementor-col-100 elementor-top-column elementor-element elementor-element-536e3a96\" data-id=\"536e3a96\" data-element_type=\"column\">\n\t\t\t<div class=\"elementor-column-wrap elementor-element-populated\">\n\t\t\t\t\t\t\t<div class=\"elementor-widget-wrap\">\n\t\t\t\t\t\t<div class=\"elementor-element elementor-element-5ea4843f elementor-widget elementor-widget-text-editor\" data-id=\"5ea4843f\" data-element_type=\"widget\" data-widget_type=\"text-editor.default\">\n\t\t\t\t<div class=\"elementor-widget-container\">\n\t\t\t\t\t\t\t\t<div class=\"elementor-text-editor elementor-clearfix\">\n\t\t\t\t<div><div><div><div><h1><strong>E<\/strong>-Scooter X2<span style=\"font-weight: normal;\"> f\u00fcr Stadt und Land<\/span><\/h1><h2>E-Scooter X2<span style=\"font-weight: normal;\"> &#8211; der Elektro-Roller darf ohne F\u00fchrerschein und ohne Kontrollschild gefahren werden.<\/span><\/h2><h3><span style=\"font-weight: normal;\">Der <\/span>E-Roller\u00a0X2<span style=\"font-weight: normal;\"> ist zu zweit auf \u00f6ffentlichen Strassen und Velowegen fahrbar.\u00a0<\/span><\/h3><h4><span style=\"font-weight: normal;\">Es ist ein trendiges E-Mofa mit edlem Design und hochwertiger Verarbeitung. Dazu geh\u00f6rt eine TopBox zu seiner Serien-Ausstattung. Im Topcase des <\/span>E-Scooter X2<span style=\"font-weight: normal;\"> ist gen\u00fcgend Platz f\u00fcr Ihren Einkauf.<\/span><\/h4><p>Der <strong>E-Roller X2<\/strong>\u00a0\u2013 ein Tipp f\u00fcr all die jenigen welche einen <strong>E-Roller<\/strong>\u00a0<strong>kaufen <\/strong>m\u00f6chten. Das <strong>E-Mofa<\/strong> hat einen herausnehmbaren Lithium-Akku und kann somit bequem und \u00fcberall aufgeladen werden. Der Lithium-Akku hat ein Gewicht von nur 6 kg.<\/p><h3>E-Scooter bis 25 km\/h<span style=\"font-weight: normal;\"> sind in der Schweiz <\/span>ohne Fahrausweis fahrbar<span style=\"font-weight: normal;\">.<\/span><\/h3><h3>Herausnehmbarer Lithium-Ionen-Akku<\/h3><p>Die 48V 20AH High-Performance Lithium-Ionen-Batterie bietet n\u00e4mlich eine Reichweite von bis zu 60 Kilometer. Der handliche Li-Ionen Akku kann mit wenigen Handgriffen aus dem Roller herausgenommen und dann an jeder Haushaltssteckdose geladen werden.<\/p><\/div><h3>Was kann der\u00a0<strong>E-Scooter<\/strong>?<\/h3><p>Mit 25 &#8211; 35 km\/h H\u00f6chstgeschwindigkeit l\u00e4uft dieser flotte <b>Elektro-Roller\u00a0X2<\/b>.<\/p><p>Aufgeladen wird das <strong>E-Mofa<\/strong>\u00a0an der Haushaltssteckdose und ben\u00f6tigt dann f\u00fcr eine Aufladung ca. 3\u20135 Stunden. Der <strong>E-Trotti <\/strong>kann problemlos \u00fcber Nacht aufgeladen werden und ist damit am n\u00e4chsten Morgen vollgeladen und einsatzbereit.\u00a0<\/p><p>Demzufolge punktet dieses\u00a0<strong>E-Moped\u00a0<\/strong>mit v\u00f6lliger Emissionsfreiheit und fl\u00fcsterleisem Betrieb und ist somit ideal auch f\u00fcr den Ausflug.<\/p><h3>Langlebiger Akku, robuste Bauweise<\/h3><p>Wenn Sie den <strong>X2 E-Roller kaufen<\/strong> m\u00f6chten, bestellen Sie Ihn Online und wir Liefern innert 3 &#8211; 10 Tagen.\u00a0<\/p><p>Dieser ist mit dem langlebigen Lithium-Akku ausgestattet, welcher \u00fcber 1000 Ladezyklen mitmacht, bevor er ausgetauscht werden muss. Der kraftvolle Motor bietet 500 Watt Dauerleistung. Damit geht Ihrem <strong>E-Scooter<\/strong>\u00a0auch bei einer Steigung nicht die Puste aus. Hydraulische D\u00e4mpfer und eine hydraulische Bremsanlage sorgen f\u00fcr Komfort und Sicherheit unterwegs.<\/p><p>Auf dem Display des <strong>X2<\/strong> sehen Sie alle Informationen wie die aktuelle Geschwindigkeit des <strong>E Scooter<\/strong> auf einen Blick. Auch bei Sonneneinstrahlung sind Sie gut ablesbar. Ein Motor mit 500Watt sorgt f\u00fcr eine kraftvolle, dynamische Beschleunigung.<\/p><p>Die Ladekosten f\u00fcr ein volle Ladung des <strong>E-Roller X2<\/strong> liegen bei ca. 25 &#8211; 40 Rappen. Der <strong>Elektroroller X2<\/strong> eignet sich ideal auf dem Land und in den Bergen<span style=\"font-size: inherit;\">, folglich in der Stadt gut einsetzbar.<\/span><\/p><p>Der\u00a0<b>E-Scooter X2<\/b>\u00a0wird inkl. Top Box ausgeliefert.<\/p><p>Der eRoller wird\u00a0 komplett montiert, gepr\u00fcft und fahrbereit oder zu 95% montiert\u00a0<span style=\"font-size: inherit;\">ausgeliefert.<\/span><\/p><\/div><\/div><div><div><div><p><strong><a href=\"https:\/\/www.silent-ride.ch\/wordpress\/wp-content\/uploads\/2020\/10\/HANDBUCH-X1.pdf\">Handbuch E-Roller X2<\/a><\/strong><\/p><\/div><\/div><\/div><\/div><p>24 Monate Garantie auf alle Neufahrzeuge<\/p><div><div><div><div><h3>Motor<\/h3><\/div><div><ul><li>Maximale Leistung 500 Watt<\/li><li>Maximale Geschwindigkeit 25km\/h<\/li><\/ul><\/div><\/div><hr \/><div><div><h3>Akku<\/h3><\/div><div><ul><li>Lithium-Ionen-Akku (Li-Ion)<\/li><li>48V\/20Ah-Akku<\/li><li>entnehmbar 6 kg<\/li><li>Reichweite bis zu 60 Kilometer<\/li><\/ul><\/div><\/div><hr \/><div><div><h3>Ausstattungsmerkmale<\/h3><\/div><div><ul><li>Helles Display<\/li><li>Alarmanlage<\/li><li>TopCase \/ TopBox<\/li><li>LED Standlicht, LED Abblendlicht, LED Fernlicht,<\/li><li>LED R\u00fccklicht und LED Blinker<\/li><li>Hupe<\/li><li>Lenkradschloss<\/li><li>USB Anschluss<\/li><\/ul><\/div><\/div><\/div><\/div><hr \/><div><h3><strong>Sicherheit und Komfort<\/strong><\/h3><div><div><div><ul><li>Scheibenbremse vorne und Trommelbremse hinten<\/li><li>hydraulische Federgabel<\/li><li>hydraulische Sto\u00dfd\u00e4mpfer<\/li><\/ul><\/div><\/div><hr \/><div><div><h3>Mass<\/h3><\/div><div><ul><li>L\u00e4nge 1750 mm (ohne Topcase)<\/li><li>Breite 640 mm (ohne Spiegel)<\/li><li>H\u00f6he 1100 mm (ohne Spiegel)<\/li><\/ul><\/div><\/div><hr \/><div><div><h3>Gewicht<\/h3><\/div><div><ul><li>Leergewicht inkl. Akku 55 kg<\/li><li>Zul\u00e4ssiges Gesamtgewicht 169 kg<\/li><\/ul><\/div><div><div>\u00a0<\/div><\/div><hr \/><div>\u00a0\u00a0<\/div><\/div><\/div><\/div>\t\t\t\t\t<\/div>\n\t\t\t\t\t\t<\/div>\n\t\t\t\t<\/div>\n\t\t\t\t\t\t<\/div>\n\t\t\t\t\t<\/div>\n\t\t<\/div>\n\t\t\t\t\t\t\t\t<\/div>\n\t\t\t\t\t<\/div>\n\t\t<\/section>\n\t\t\t\t\t\t<\/div>\n\t\t\t\t\t\t<\/div>\n\t\t\t\t\t<\/div>\n\t\t","protected":false},"excerpt":{"rendered":"<p><a href=\"https:\/\/www.silent-ride.ch\/wordpress\/escooter-finanzieren-eroller\/\"><img loading=\"lazy\" class=\"alignnone wp-image-6952\" src=\"https:\/\/www.silent-ride.ch\/wordpress\/wp-content\/uploads\/2023\/12\/esc\u202booter_eroller_Ratenkauf_ratenzahlung_silent-ride.ch_-360x227.png\" alt=\"\" width=\"84\" height=\"53\" srcset=\"https:\/\/www.silent-ride.ch\/wordpress\/wp-content\/uploads\/2023\/12\/esc\u202booter_eroller_Ratenkauf_ratenzahlung_silent-ride.ch_-360x227.png 360w, https:\/\/www.silent-ride.ch\/wordpress\/wp-content\/uploads\/2023\/12\/esc\u202booter_eroller_Ratenkauf_ratenzahlung_silent-ride.ch_-127x80.png 127w, https:\/\/www.silent-ride.ch\/wordpress\/wp-content\/uploads\/2023\/12\/esc\u202booter_eroller_Ratenkauf_ratenzahlung_silent-ride.ch_.png 383w\" sizes=\"(max-width: 84px) 100vw, 84px\" \/><\/a><img loading=\"lazy\" class=\"alignnone wp-image-7795 \" src=\"https:\/\/www.silent-ride.ch\/wordpress\/wp-content\/uploads\/2020\/04\/HeyLight.jpg\" alt=\"\" width=\"136\" height=\"53\" \/><\/p>\n<p>bis 10 Monatsraten m\u00f6glich<\/p>\n<p><a href=\"https:\/\/www.heidipay.com\/de-ch\/shopper\/\">Finanzierung mit HeidiPay<\/a><\/p>\n","protected":false},"featured_media":9014,"comment_status":"open","ping_status":"closed","template":"","meta":{"_joinchat":[]},"product_cat":[324,323,184,339],"product_tag":[212,200,430,288,266,375,374],"yoast_head":"<!-- This site is optimized with the Yoast SEO plugin v19.0 - https:\/\/yoast.com\/wordpress\/plugins\/seo\/ -->\n<title>E-Scooter X2 | CHF 2490 | Ohne Ausweis | 25 km\/h<\/title>\n<meta name=\"description\" content=\"Der eScooter X2 ist ab 16 Jahre ohne F\u00fchrerausweis fahrbar. Eine Kombination aus edlem Design und hochwertiger Verarbeitung.\" \/>\n<meta name=\"robots\" content=\"index, follow, max-snippet:-1, max-image-preview:large, max-video-preview:-1\" \/>\n<link rel=\"canonical\" href=\"https:\/\/www.silent-ride.ch\/wordpress\/produkt\/e-scooter-x2\/\" \/>\n<meta property=\"og:locale\" content=\"de_DE\" \/>\n<meta property=\"og:type\" content=\"article\" \/>\n<meta property=\"og:title\" content=\"E-Scooter X2 | CHF 2490 | Ohne Ausweis | 25 km\/h\" \/>\n<meta property=\"og:description\" content=\"Der eScooter X2 ist ab 16 Jahre ohne F\u00fchrerausweis fahrbar. Eine Kombination aus edlem Design und hochwertiger Verarbeitung.\" \/>\n<meta property=\"og:url\" content=\"https:\/\/www.silent-ride.ch\/wordpress\/produkt\/e-scooter-x2\/\" \/>\n<meta property=\"og:site_name\" content=\"E-Scooter &amp; E-Roller Shop | Elektroroller Service\" \/>\n<meta property=\"article:modified_time\" content=\"2026-03-26T03:28:32+00:00\" \/>\n<meta property=\"og:image\" content=\"https:\/\/www.silent-ride.ch\/wordpress\/wp-content\/uploads\/E-Scooter-X2-Lithium-Schweiz-ohne-Fuehrerschein.jpg\" \/>\n\t<meta property=\"og:image:width\" content=\"1195\" \/>\n\t<meta property=\"og:image:height\" content=\"826\" \/>\n\t<meta property=\"og:image:type\" content=\"image\/jpeg\" \/>\n<meta name=\"twitter:card\" content=\"summary_large_image\" \/>\n<meta name=\"twitter:site\" content=\"@Silent_Ride_ch\" \/>\n<meta name=\"twitter:label1\" content=\"Gesch\u00e4tzte Lesezeit\" \/>\n\t<meta name=\"twitter:data1\" content=\"3\u00a0Minuten\" \/>\n<script type=\"application\/ld+json\" class=\"yoast-schema-graph\">{\"@context\":\"https:\/\/schema.org\",\"@graph\":[{\"@type\":\"Organization\",\"@id\":\"https:\/\/www.silent-ride.ch\/wordpress\/#organization\",\"name\":\"silent-ride.ch\",\"url\":\"https:\/\/www.silent-ride.ch\/wordpress\/\",\"sameAs\":[\"https:\/\/www.instagram.com\/silent_ride.ch\/\",\"https:\/\/twitter.com\/Silent_Ride_ch\"],\"logo\":{\"@type\":\"ImageObject\",\"inLanguage\":\"de\",\"@id\":\"https:\/\/www.silent-ride.ch\/wordpress\/#\/schema\/logo\/image\/\",\"url\":\"https:\/\/www.silent-ride.ch\/wordpress\/wp-content\/uploads\/2020\/04\/Quadrat-Logo-799x799-1-e1586244956863.jpg\",\"contentUrl\":\"https:\/\/www.silent-ride.ch\/wordpress\/wp-content\/uploads\/2020\/04\/Quadrat-Logo-799x799-1-e1586244956863.jpg\",\"width\":329,\"height\":317,\"caption\":\"silent-ride.ch\"},\"image\":{\"@id\":\"https:\/\/www.silent-ride.ch\/wordpress\/#\/schema\/logo\/image\/\"}},{\"@type\":\"WebSite\",\"@id\":\"https:\/\/www.silent-ride.ch\/wordpress\/#website\",\"url\":\"https:\/\/www.silent-ride.ch\/wordpress\/\",\"name\":\"E-Scooter &amp; E-Roller Shop | Elektroroller Service\",\"description\":\"eRoller und eScooter kaufen oder mieten\",\"publisher\":{\"@id\":\"https:\/\/www.silent-ride.ch\/wordpress\/#organization\"},\"potentialAction\":[{\"@type\":\"SearchAction\",\"target\":{\"@type\":\"EntryPoint\",\"urlTemplate\":\"https:\/\/www.silent-ride.ch\/wordpress\/?s={search_term_string}\"},\"query-input\":\"required name=search_term_string\"}],\"inLanguage\":\"de\"},{\"@type\":\"ImageObject\",\"inLanguage\":\"de\",\"@id\":\"https:\/\/www.silent-ride.ch\/wordpress\/produkt\/e-scooter-x2\/#primaryimage\",\"url\":\"https:\/\/www.silent-ride.ch\/wordpress\/wp-content\/uploads\/E-Scooter-X2-Lithium-Schweiz-ohne-Fuehrerschein.jpg\",\"contentUrl\":\"https:\/\/www.silent-ride.ch\/wordpress\/wp-content\/uploads\/E-Scooter-X2-Lithium-Schweiz-ohne-Fuehrerschein.jpg\",\"width\":1195,\"height\":826},{\"@type\":\"WebPage\",\"@id\":\"https:\/\/www.silent-ride.ch\/wordpress\/produkt\/e-scooter-x2\/#webpage\",\"url\":\"https:\/\/www.silent-ride.ch\/wordpress\/produkt\/e-scooter-x2\/\",\"name\":\"E-Scooter X2 | CHF 2490 | Ohne Ausweis | 25 km\/h\",\"isPartOf\":{\"@id\":\"https:\/\/www.silent-ride.ch\/wordpress\/#website\"},\"primaryImageOfPage\":{\"@id\":\"https:\/\/www.silent-ride.ch\/wordpress\/produkt\/e-scooter-x2\/#primaryimage\"},\"datePublished\":\"2026-01-07T12:01:52+00:00\",\"dateModified\":\"2026-03-26T03:28:32+00:00\",\"description\":\"Der eScooter X2 ist ab 16 Jahre ohne F\u00fchrerausweis fahrbar. Eine Kombination aus edlem Design und hochwertiger Verarbeitung.\",\"breadcrumb\":{\"@id\":\"https:\/\/www.silent-ride.ch\/wordpress\/produkt\/e-scooter-x2\/#breadcrumb\"},\"inLanguage\":\"de\",\"potentialAction\":[{\"@type\":\"ReadAction\",\"target\":[\"https:\/\/www.silent-ride.ch\/wordpress\/produkt\/e-scooter-x2\/\"]}]},{\"@type\":\"BreadcrumbList\",\"@id\":\"https:\/\/www.silent-ride.ch\/wordpress\/produkt\/e-scooter-x2\/#breadcrumb\",\"itemListElement\":[{\"@type\":\"ListItem\",\"position\":1,\"name\":\"Startseite\",\"item\":\"https:\/\/www.silent-ride.ch\/wordpress\/\"},{\"@type\":\"ListItem\",\"position\":2,\"name\":\"E-Roller Shop\",\"item\":\"https:\/\/www.silent-ride.ch\/wordpress\/e-scooter-shop\/\"},{\"@type\":\"ListItem\",\"position\":3,\"name\":\"E-Scooter X2\"}]}]}<\/script>\n<!-- \/ Yoast SEO plugin. -->","yoast_head_json":{"title":"E-Scooter X2 | CHF 2490 | Ohne Ausweis | 25 km\/h","description":"Der eScooter X2 ist ab 16 Jahre ohne F\u00fchrerausweis fahrbar. Eine Kombination aus edlem Design und hochwertiger Verarbeitung.","robots":{"index":"index","follow":"follow","max-snippet":"max-snippet:-1","max-image-preview":"max-image-preview:large","max-video-preview":"max-video-preview:-1"},"canonical":"https:\/\/www.silent-ride.ch\/wordpress\/produkt\/e-scooter-x2\/","og_locale":"de_DE","og_type":"article","og_title":"E-Scooter X2 | CHF 2490 | Ohne Ausweis | 25 km\/h","og_description":"Der eScooter X2 ist ab 16 Jahre ohne F\u00fchrerausweis fahrbar. Eine Kombination aus edlem Design und hochwertiger Verarbeitung.","og_url":"https:\/\/www.silent-ride.ch\/wordpress\/produkt\/e-scooter-x2\/","og_site_name":"E-Scooter &amp; E-Roller Shop | Elektroroller Service","article_modified_time":"2026-03-26T03:28:32+00:00","og_image":[{"width":1195,"height":826,"url":"https:\/\/www.silent-ride.ch\/wordpress\/wp-content\/uploads\/E-Scooter-X2-Lithium-Schweiz-ohne-Fuehrerschein.jpg","type":"image\/jpeg"}],"twitter_card":"summary_large_image","twitter_site":"@Silent_Ride_ch","twitter_misc":{"Gesch\u00e4tzte Lesezeit":"3\u00a0Minuten"},"schema":{"@context":"https:\/\/schema.org","@graph":[{"@type":"Organization","@id":"https:\/\/www.silent-ride.ch\/wordpress\/#organization","name":"silent-ride.ch","url":"https:\/\/www.silent-ride.ch\/wordpress\/","sameAs":["https:\/\/www.instagram.com\/silent_ride.ch\/","https:\/\/twitter.com\/Silent_Ride_ch"],"logo":{"@type":"ImageObject","inLanguage":"de","@id":"https:\/\/www.silent-ride.ch\/wordpress\/#\/schema\/logo\/image\/","url":"https:\/\/www.silent-ride.ch\/wordpress\/wp-content\/uploads\/2020\/04\/Quadrat-Logo-799x799-1-e1586244956863.jpg","contentUrl":"https:\/\/www.silent-ride.ch\/wordpress\/wp-content\/uploads\/2020\/04\/Quadrat-Logo-799x799-1-e1586244956863.jpg","width":329,"height":317,"caption":"silent-ride.ch"},"image":{"@id":"https:\/\/www.silent-ride.ch\/wordpress\/#\/schema\/logo\/image\/"}},{"@type":"WebSite","@id":"https:\/\/www.silent-ride.ch\/wordpress\/#website","url":"https:\/\/www.silent-ride.ch\/wordpress\/","name":"E-Scooter &amp; E-Roller Shop | Elektroroller Service","description":"eRoller und eScooter kaufen oder mieten","publisher":{"@id":"https:\/\/www.silent-ride.ch\/wordpress\/#organization"},"potentialAction":[{"@type":"SearchAction","target":{"@type":"EntryPoint","urlTemplate":"https:\/\/www.silent-ride.ch\/wordpress\/?s={search_term_string}"},"query-input":"required name=search_term_string"}],"inLanguage":"de"},{"@type":"ImageObject","inLanguage":"de","@id":"https:\/\/www.silent-ride.ch\/wordpress\/produkt\/e-scooter-x2\/#primaryimage","url":"https:\/\/www.silent-ride.ch\/wordpress\/wp-content\/uploads\/E-Scooter-X2-Lithium-Schweiz-ohne-Fuehrerschein.jpg","contentUrl":"https:\/\/www.silent-ride.ch\/wordpress\/wp-content\/uploads\/E-Scooter-X2-Lithium-Schweiz-ohne-Fuehrerschein.jpg","width":1195,"height":826},{"@type":"WebPage","@id":"https:\/\/www.silent-ride.ch\/wordpress\/produkt\/e-scooter-x2\/#webpage","url":"https:\/\/www.silent-ride.ch\/wordpress\/produkt\/e-scooter-x2\/","name":"E-Scooter X2 | CHF 2490 | Ohne Ausweis | 25 km\/h","isPartOf":{"@id":"https:\/\/www.silent-ride.ch\/wordpress\/#website"},"primaryImageOfPage":{"@id":"https:\/\/www.silent-ride.ch\/wordpress\/produkt\/e-scooter-x2\/#primaryimage"},"datePublished":"2026-01-07T12:01:52+00:00","dateModified":"2026-03-26T03:28:32+00:00","description":"Der eScooter X2 ist ab 16 Jahre ohne F\u00fchrerausweis fahrbar. Eine Kombination aus edlem Design und hochwertiger Verarbeitung.","breadcrumb":{"@id":"https:\/\/www.silent-ride.ch\/wordpress\/produkt\/e-scooter-x2\/#breadcrumb"},"inLanguage":"de","potentialAction":[{"@type":"ReadAction","target":["https:\/\/www.silent-ride.ch\/wordpress\/produkt\/e-scooter-x2\/"]}]},{"@type":"BreadcrumbList","@id":"https:\/\/www.silent-ride.ch\/wordpress\/produkt\/e-scooter-x2\/#breadcrumb","itemListElement":[{"@type":"ListItem","position":1,"name":"Startseite","item":"https:\/\/www.silent-ride.ch\/wordpress\/"},{"@type":"ListItem","position":2,"name":"E-Roller Shop","item":"https:\/\/www.silent-ride.ch\/wordpress\/e-scooter-shop\/"},{"@type":"ListItem","position":3,"name":"E-Scooter X2"}]}]}},"_links":{"self":[{"href":"https:\/\/www.silent-ride.ch\/wordpress\/wp-json\/wp\/v2\/product\/9012"}],"collection":[{"href":"https:\/\/www.silent-ride.ch\/wordpress\/wp-json\/wp\/v2\/product"}],"about":[{"href":"https:\/\/www.silent-ride.ch\/wordpress\/wp-json\/wp\/v2\/types\/product"}],"replies":[{"embeddable":true,"href":"https:\/\/www.silent-ride.ch\/wordpress\/wp-json\/wp\/v2\/comments?post=9012"}],"version-history":[{"count":14,"href":"https:\/\/www.silent-ride.ch\/wordpress\/wp-json\/wp\/v2\/product\/9012\/revisions"}],"predecessor-version":[{"id":9029,"href":"https:\/\/www.silent-ride.ch\/wordpress\/wp-json\/wp\/v2\/product\/9012\/revisions\/9029"}],"wp:featuredmedia":[{"embeddable":true,"href":"https:\/\/www.silent-ride.ch\/wordpress\/wp-json\/wp\/v2\/media\/9014"}],"wp:attachment":[{"href":"https:\/\/www.silent-ride.ch\/wordpress\/wp-json\/wp\/v2\/media?parent=9012"}],"wp:term":[{"taxonomy":"product_cat","embeddable":true,"href":"https:\/\/www.silent-ride.ch\/wordpress\/wp-json\/wp\/v2\/product_cat?post=9012"},{"taxonomy":"product_tag","embeddable":true,"href":"https:\/\/www.silent-ride.ch\/wordpress\/wp-json\/wp\/v2\/product_tag?post=9012"}],"curies":[{"name":"wp","href":"https:\/\/api.w.org\/{rel}","templated":true}]}}