{"id":8700,"date":"2025-08-02T13:06:32","date_gmt":"2025-08-02T11:06:32","guid":{"rendered":"https:\/\/www.silent-ride.ch\/wordpress\/?post_type=product&#038;p=8700"},"modified":"2025-08-02T13:17:10","modified_gmt":"2025-08-02T11:17:10","slug":"rueckenlehne-fuer-eroller-falcon-25","status":"publish","type":"product","link":"https:\/\/www.silent-ride.ch\/wordpress\/produkt\/rueckenlehne-fuer-eroller-falcon-25\/","title":{"rendered":"R\u00fcckenlehne f\u00fcr eRoller FALCON 25"},"content":{"rendered":"<h1 class=\"qa-pdp-product-name ng-star-inserted\">Topbox Tr\u00e4ger GEP\u00c4CKTR\u00c4GER f\u00fcr eRoller FALCON 25<\/h1>\n<p>Passend f\u00fcr Falcon 25 R\u00fcckenlehne f\u00fcr den Beifahrer.<\/p>\n<p>Passt zu <a href=\"https:\/\/www.silent-ride.ch\/wordpress\/produkt\/e-roller-falcon-25\/\">Falcon 25<\/a><\/p>\n<p>&nbsp;<\/p>\n<p>Lieferumfang:<\/p>\n<p>\u2022 R\u00fcckenlehne zum Falcon 25<\/p>\n","protected":false},"excerpt":{"rendered":"<p>TopBox Tr\u00e4ger zum Falcon 25<\/p>\n","protected":false},"featured_media":8702,"comment_status":"open","ping_status":"closed","template":"","meta":{"_joinchat":[]},"product_cat":[214],"product_tag":[383,381,215],"yoast_head":"<!-- This site is optimized with the Yoast SEO plugin v19.0 - https:\/\/yoast.com\/wordpress\/plugins\/seo\/ -->\n<title>R\u00fcckenlehne f\u00fcr eRoller FALCON<\/title>\n<meta name=\"description\" content=\"GEP\u00c4CKTR\u00c4GER f\u00fcr eRoller FALCON 25 f\u00fcr den Beifahrer. Falcon 25 E-Roller punktet danach mit einer R\u00fcckenlehne\" \/>\n<meta name=\"robots\" content=\"index, follow, max-snippet:-1, max-image-preview:large, max-video-preview:-1\" \/>\n<link rel=\"canonical\" href=\"https:\/\/www.silent-ride.ch\/wordpress\/produkt\/rueckenlehne-fuer-eroller-falcon-25\/\" \/>\n<meta property=\"og:locale\" content=\"de_DE\" \/>\n<meta property=\"og:type\" content=\"article\" \/>\n<meta property=\"og:title\" content=\"R\u00fcckenlehne f\u00fcr eRoller FALCON\" \/>\n<meta property=\"og:description\" content=\"GEP\u00c4CKTR\u00c4GER f\u00fcr eRoller FALCON 25 f\u00fcr den Beifahrer. Falcon 25 E-Roller punktet danach mit einer R\u00fcckenlehne\" \/>\n<meta property=\"og:url\" content=\"https:\/\/www.silent-ride.ch\/wordpress\/produkt\/rueckenlehne-fuer-eroller-falcon-25\/\" \/>\n<meta property=\"og:site_name\" content=\"E-Scooter &amp; E-Roller Shop | Elektroroller Service\" \/>\n<meta property=\"article:modified_time\" content=\"2025-08-02T11:17:10+00:00\" \/>\n<meta property=\"og:image\" content=\"https:\/\/www.silent-ride.ch\/wordpress\/wp-content\/uploads\/IMG20250802123655-scaled.jpg\" \/>\n\t<meta property=\"og:image:width\" content=\"2560\" \/>\n\t<meta property=\"og:image:height\" content=\"1440\" \/>\n\t<meta property=\"og:image:type\" content=\"image\/jpeg\" \/>\n<meta name=\"twitter:card\" content=\"summary_large_image\" \/>\n<meta name=\"twitter:site\" content=\"@Silent_Ride_ch\" \/>\n<meta name=\"twitter:label1\" content=\"Gesch\u00e4tzte Lesezeit\" \/>\n\t<meta name=\"twitter:data1\" content=\"1\u00a0Minute\" \/>\n<script type=\"application\/ld+json\" class=\"yoast-schema-graph\">{\"@context\":\"https:\/\/schema.org\",\"@graph\":[{\"@type\":\"Organization\",\"@id\":\"https:\/\/www.silent-ride.ch\/wordpress\/#organization\",\"name\":\"silent-ride.ch\",\"url\":\"https:\/\/www.silent-ride.ch\/wordpress\/\",\"sameAs\":[\"https:\/\/www.instagram.com\/silent_ride.ch\/\",\"https:\/\/twitter.com\/Silent_Ride_ch\"],\"logo\":{\"@type\":\"ImageObject\",\"inLanguage\":\"de\",\"@id\":\"https:\/\/www.silent-ride.ch\/wordpress\/#\/schema\/logo\/image\/\",\"url\":\"https:\/\/www.silent-ride.ch\/wordpress\/wp-content\/uploads\/2020\/04\/Quadrat-Logo-799x799-1-e1586244956863.jpg\",\"contentUrl\":\"https:\/\/www.silent-ride.ch\/wordpress\/wp-content\/uploads\/2020\/04\/Quadrat-Logo-799x799-1-e1586244956863.jpg\",\"width\":329,\"height\":317,\"caption\":\"silent-ride.ch\"},\"image\":{\"@id\":\"https:\/\/www.silent-ride.ch\/wordpress\/#\/schema\/logo\/image\/\"}},{\"@type\":\"WebSite\",\"@id\":\"https:\/\/www.silent-ride.ch\/wordpress\/#website\",\"url\":\"https:\/\/www.silent-ride.ch\/wordpress\/\",\"name\":\"E-Scooter &amp; E-Roller Shop | Elektroroller Service\",\"description\":\"eRoller und eScooter kaufen oder mieten\",\"publisher\":{\"@id\":\"https:\/\/www.silent-ride.ch\/wordpress\/#organization\"},\"potentialAction\":[{\"@type\":\"SearchAction\",\"target\":{\"@type\":\"EntryPoint\",\"urlTemplate\":\"https:\/\/www.silent-ride.ch\/wordpress\/?s={search_term_string}\"},\"query-input\":\"required name=search_term_string\"}],\"inLanguage\":\"de\"},{\"@type\":\"ImageObject\",\"inLanguage\":\"de\",\"@id\":\"https:\/\/www.silent-ride.ch\/wordpress\/produkt\/rueckenlehne-fuer-eroller-falcon-25\/#primaryimage\",\"url\":\"https:\/\/www.silent-ride.ch\/wordpress\/wp-content\/uploads\/IMG20250802123655-scaled.jpg\",\"contentUrl\":\"https:\/\/www.silent-ride.ch\/wordpress\/wp-content\/uploads\/IMG20250802123655-scaled.jpg\",\"width\":2560,\"height\":1440},{\"@type\":\"WebPage\",\"@id\":\"https:\/\/www.silent-ride.ch\/wordpress\/produkt\/rueckenlehne-fuer-eroller-falcon-25\/#webpage\",\"url\":\"https:\/\/www.silent-ride.ch\/wordpress\/produkt\/rueckenlehne-fuer-eroller-falcon-25\/\",\"name\":\"R\u00fcckenlehne f\u00fcr eRoller FALCON\",\"isPartOf\":{\"@id\":\"https:\/\/www.silent-ride.ch\/wordpress\/#website\"},\"primaryImageOfPage\":{\"@id\":\"https:\/\/www.silent-ride.ch\/wordpress\/produkt\/rueckenlehne-fuer-eroller-falcon-25\/#primaryimage\"},\"datePublished\":\"2025-08-02T11:06:32+00:00\",\"dateModified\":\"2025-08-02T11:17:10+00:00\",\"description\":\"GEP\u00c4CKTR\u00c4GER f\u00fcr eRoller FALCON 25 f\u00fcr den Beifahrer. Falcon 25 E-Roller punktet danach mit einer R\u00fcckenlehne\",\"breadcrumb\":{\"@id\":\"https:\/\/www.silent-ride.ch\/wordpress\/produkt\/rueckenlehne-fuer-eroller-falcon-25\/#breadcrumb\"},\"inLanguage\":\"de\",\"potentialAction\":[{\"@type\":\"ReadAction\",\"target\":[\"https:\/\/www.silent-ride.ch\/wordpress\/produkt\/rueckenlehne-fuer-eroller-falcon-25\/\"]}]},{\"@type\":\"BreadcrumbList\",\"@id\":\"https:\/\/www.silent-ride.ch\/wordpress\/produkt\/rueckenlehne-fuer-eroller-falcon-25\/#breadcrumb\",\"itemListElement\":[{\"@type\":\"ListItem\",\"position\":1,\"name\":\"Startseite\",\"item\":\"https:\/\/www.silent-ride.ch\/wordpress\/\"},{\"@type\":\"ListItem\",\"position\":2,\"name\":\"E-Roller Shop\",\"item\":\"https:\/\/www.silent-ride.ch\/wordpress\/e-scooter-shop\/\"},{\"@type\":\"ListItem\",\"position\":3,\"name\":\"R\u00fcckenlehne f\u00fcr eRoller FALCON 25\"}]}]}<\/script>\n<!-- \/ Yoast SEO plugin. -->","yoast_head_json":{"title":"R\u00fcckenlehne f\u00fcr eRoller FALCON","description":"GEP\u00c4CKTR\u00c4GER f\u00fcr eRoller FALCON 25 f\u00fcr den Beifahrer. Falcon 25 E-Roller punktet danach mit einer R\u00fcckenlehne","robots":{"index":"index","follow":"follow","max-snippet":"max-snippet:-1","max-image-preview":"max-image-preview:large","max-video-preview":"max-video-preview:-1"},"canonical":"https:\/\/www.silent-ride.ch\/wordpress\/produkt\/rueckenlehne-fuer-eroller-falcon-25\/","og_locale":"de_DE","og_type":"article","og_title":"R\u00fcckenlehne f\u00fcr eRoller FALCON","og_description":"GEP\u00c4CKTR\u00c4GER f\u00fcr eRoller FALCON 25 f\u00fcr den Beifahrer. Falcon 25 E-Roller punktet danach mit einer R\u00fcckenlehne","og_url":"https:\/\/www.silent-ride.ch\/wordpress\/produkt\/rueckenlehne-fuer-eroller-falcon-25\/","og_site_name":"E-Scooter &amp; E-Roller Shop | Elektroroller Service","article_modified_time":"2025-08-02T11:17:10+00:00","og_image":[{"width":2560,"height":1440,"url":"https:\/\/www.silent-ride.ch\/wordpress\/wp-content\/uploads\/IMG20250802123655-scaled.jpg","type":"image\/jpeg"}],"twitter_card":"summary_large_image","twitter_site":"@Silent_Ride_ch","twitter_misc":{"Gesch\u00e4tzte Lesezeit":"1\u00a0Minute"},"schema":{"@context":"https:\/\/schema.org","@graph":[{"@type":"Organization","@id":"https:\/\/www.silent-ride.ch\/wordpress\/#organization","name":"silent-ride.ch","url":"https:\/\/www.silent-ride.ch\/wordpress\/","sameAs":["https:\/\/www.instagram.com\/silent_ride.ch\/","https:\/\/twitter.com\/Silent_Ride_ch"],"logo":{"@type":"ImageObject","inLanguage":"de","@id":"https:\/\/www.silent-ride.ch\/wordpress\/#\/schema\/logo\/image\/","url":"https:\/\/www.silent-ride.ch\/wordpress\/wp-content\/uploads\/2020\/04\/Quadrat-Logo-799x799-1-e1586244956863.jpg","contentUrl":"https:\/\/www.silent-ride.ch\/wordpress\/wp-content\/uploads\/2020\/04\/Quadrat-Logo-799x799-1-e1586244956863.jpg","width":329,"height":317,"caption":"silent-ride.ch"},"image":{"@id":"https:\/\/www.silent-ride.ch\/wordpress\/#\/schema\/logo\/image\/"}},{"@type":"WebSite","@id":"https:\/\/www.silent-ride.ch\/wordpress\/#website","url":"https:\/\/www.silent-ride.ch\/wordpress\/","name":"E-Scooter &amp; E-Roller Shop | Elektroroller Service","description":"eRoller und eScooter kaufen oder mieten","publisher":{"@id":"https:\/\/www.silent-ride.ch\/wordpress\/#organization"},"potentialAction":[{"@type":"SearchAction","target":{"@type":"EntryPoint","urlTemplate":"https:\/\/www.silent-ride.ch\/wordpress\/?s={search_term_string}"},"query-input":"required name=search_term_string"}],"inLanguage":"de"},{"@type":"ImageObject","inLanguage":"de","@id":"https:\/\/www.silent-ride.ch\/wordpress\/produkt\/rueckenlehne-fuer-eroller-falcon-25\/#primaryimage","url":"https:\/\/www.silent-ride.ch\/wordpress\/wp-content\/uploads\/IMG20250802123655-scaled.jpg","contentUrl":"https:\/\/www.silent-ride.ch\/wordpress\/wp-content\/uploads\/IMG20250802123655-scaled.jpg","width":2560,"height":1440},{"@type":"WebPage","@id":"https:\/\/www.silent-ride.ch\/wordpress\/produkt\/rueckenlehne-fuer-eroller-falcon-25\/#webpage","url":"https:\/\/www.silent-ride.ch\/wordpress\/produkt\/rueckenlehne-fuer-eroller-falcon-25\/","name":"R\u00fcckenlehne f\u00fcr eRoller FALCON","isPartOf":{"@id":"https:\/\/www.silent-ride.ch\/wordpress\/#website"},"primaryImageOfPage":{"@id":"https:\/\/www.silent-ride.ch\/wordpress\/produkt\/rueckenlehne-fuer-eroller-falcon-25\/#primaryimage"},"datePublished":"2025-08-02T11:06:32+00:00","dateModified":"2025-08-02T11:17:10+00:00","description":"GEP\u00c4CKTR\u00c4GER f\u00fcr eRoller FALCON 25 f\u00fcr den Beifahrer. Falcon 25 E-Roller punktet danach mit einer R\u00fcckenlehne","breadcrumb":{"@id":"https:\/\/www.silent-ride.ch\/wordpress\/produkt\/rueckenlehne-fuer-eroller-falcon-25\/#breadcrumb"},"inLanguage":"de","potentialAction":[{"@type":"ReadAction","target":["https:\/\/www.silent-ride.ch\/wordpress\/produkt\/rueckenlehne-fuer-eroller-falcon-25\/"]}]},{"@type":"BreadcrumbList","@id":"https:\/\/www.silent-ride.ch\/wordpress\/produkt\/rueckenlehne-fuer-eroller-falcon-25\/#breadcrumb","itemListElement":[{"@type":"ListItem","position":1,"name":"Startseite","item":"https:\/\/www.silent-ride.ch\/wordpress\/"},{"@type":"ListItem","position":2,"name":"E-Roller Shop","item":"https:\/\/www.silent-ride.ch\/wordpress\/e-scooter-shop\/"},{"@type":"ListItem","position":3,"name":"R\u00fcckenlehne f\u00fcr eRoller FALCON 25"}]}]}},"_links":{"self":[{"href":"https:\/\/www.silent-ride.ch\/wordpress\/wp-json\/wp\/v2\/product\/8700"}],"collection":[{"href":"https:\/\/www.silent-ride.ch\/wordpress\/wp-json\/wp\/v2\/product"}],"about":[{"href":"https:\/\/www.silent-ride.ch\/wordpress\/wp-json\/wp\/v2\/types\/product"}],"replies":[{"embeddable":true,"href":"https:\/\/www.silent-ride.ch\/wordpress\/wp-json\/wp\/v2\/comments?post=8700"}],"version-history":[{"count":1,"href":"https:\/\/www.silent-ride.ch\/wordpress\/wp-json\/wp\/v2\/product\/8700\/revisions"}],"predecessor-version":[{"id":8701,"href":"https:\/\/www.silent-ride.ch\/wordpress\/wp-json\/wp\/v2\/product\/8700\/revisions\/8701"}],"wp:featuredmedia":[{"embeddable":true,"href":"https:\/\/www.silent-ride.ch\/wordpress\/wp-json\/wp\/v2\/media\/8702"}],"wp:attachment":[{"href":"https:\/\/www.silent-ride.ch\/wordpress\/wp-json\/wp\/v2\/media?parent=8700"}],"wp:term":[{"taxonomy":"product_cat","embeddable":true,"href":"https:\/\/www.silent-ride.ch\/wordpress\/wp-json\/wp\/v2\/product_cat?post=8700"},{"taxonomy":"product_tag","embeddable":true,"href":"https:\/\/www.silent-ride.ch\/wordpress\/wp-json\/wp\/v2\/product_tag?post=8700"}],"curies":[{"name":"wp","href":"https:\/\/api.w.org\/{rel}","templated":true}]}}