{"id":7909,"date":"2024-10-30T15:11:20","date_gmt":"2024-10-30T14:11:20","guid":{"rendered":"https:\/\/www.silent-ride.ch\/wordpress\/?post_type=product&#038;p=7909"},"modified":"2026-04-10T18:44:03","modified_gmt":"2026-04-10T16:44:03","slug":"ladegeraet-escooter-x1-netzteil-48-volt","status":"publish","type":"product","link":"https:\/\/www.silent-ride.ch\/wordpress\/produkt\/ladegeraet-escooter-x1-netzteil-48-volt\/","title":{"rendered":"Ladeger\u00e4t eScooter X1 Netzteil 48 Volt"},"content":{"rendered":"<h1 class=\"product_main_name\">Ladeger\u00e4t eScooter X1 &amp; Sky 2 Netzteil 48 Volt<\/h1>\n<h2>Netzteil eScooter X1 mit Lade-Stecker 2 Pin<\/h2>\n<h4>Passt auch zu:<\/h4>\n<div id=\"short_description_block\">\n<div id=\"short_description_content\" class=\"rte align_justify\">\n<h5>E-Scooter X1 mit Lithium-Ionen-Akku 48 Volt<\/h5>\n<h5>E-Roller Sky 2 \/ Elektro Scooter Sky 2 Revenge<\/h5>\n<p>Produkt kann von Bildern abweichen.<\/p>\n<\/div>\n<\/div>\n","protected":false},"excerpt":{"rendered":"<h1 class=\"product_main_name\">Ladeger\u00e4t eScooter X1<\/h1>\n","protected":false},"featured_media":7852,"comment_status":"open","ping_status":"closed","template":"","meta":{"_joinchat":[]},"product_cat":[244,421],"product_tag":[],"yoast_head":"<!-- This site is optimized with the Yoast SEO plugin v19.0 - https:\/\/yoast.com\/wordpress\/plugins\/seo\/ -->\n<title>Ladeger\u00e4t eScooter X1 Netzteil 48 Volt<\/title>\n<meta name=\"description\" content=\"Ladeger\u00e4t E-Scooter X1. Ladestecker hat 2 Pins f\u00fcr die Akkus des eRoller X1 und andere eScooter Sky Sky2. Netzteil f\u00fcr 48Volt Akkus.\" \/>\n<meta name=\"robots\" content=\"index, follow, max-snippet:-1, max-image-preview:large, max-video-preview:-1\" \/>\n<link rel=\"canonical\" href=\"https:\/\/www.silent-ride.ch\/wordpress\/produkt\/ladegeraet-escooter-x1-netzteil-48-volt\/\" \/>\n<meta property=\"og:locale\" content=\"de_DE\" \/>\n<meta property=\"og:type\" content=\"article\" \/>\n<meta property=\"og:title\" content=\"Ladeger\u00e4t eScooter X1 Netzteil 48 Volt\" \/>\n<meta property=\"og:description\" content=\"Ladeger\u00e4t E-Scooter X1. Ladestecker hat 2 Pins f\u00fcr die Akkus des eRoller X1 und andere eScooter Sky Sky2. Netzteil f\u00fcr 48Volt Akkus.\" \/>\n<meta property=\"og:url\" content=\"https:\/\/www.silent-ride.ch\/wordpress\/produkt\/ladegeraet-escooter-x1-netzteil-48-volt\/\" \/>\n<meta property=\"og:site_name\" content=\"E-Scooter &amp; E-Roller Shop | Elektroroller Service\" \/>\n<meta property=\"article:modified_time\" content=\"2026-04-10T16:44:03+00:00\" \/>\n<meta property=\"og:image\" content=\"https:\/\/www.silent-ride.ch\/wordpress\/wp-content\/uploads\/2020\/05\/Ladegeraet-eScooter-X1-Lade-Stecker-Netzteil-48-Volt.jpg\" \/>\n\t<meta property=\"og:image:width\" content=\"605\" \/>\n\t<meta property=\"og:image:height\" content=\"559\" \/>\n\t<meta property=\"og:image:type\" content=\"image\/jpeg\" \/>\n<meta name=\"twitter:card\" content=\"summary_large_image\" \/>\n<meta name=\"twitter:site\" content=\"@Silent_Ride_ch\" \/>\n<meta name=\"twitter:label1\" content=\"Gesch\u00e4tzte Lesezeit\" \/>\n\t<meta name=\"twitter:data1\" content=\"1\u00a0Minute\" \/>\n<script type=\"application\/ld+json\" class=\"yoast-schema-graph\">{\"@context\":\"https:\/\/schema.org\",\"@graph\":[{\"@type\":\"Organization\",\"@id\":\"https:\/\/www.silent-ride.ch\/wordpress\/#organization\",\"name\":\"silent-ride.ch\",\"url\":\"https:\/\/www.silent-ride.ch\/wordpress\/\",\"sameAs\":[\"https:\/\/www.instagram.com\/silent_ride.ch\/\",\"https:\/\/twitter.com\/Silent_Ride_ch\"],\"logo\":{\"@type\":\"ImageObject\",\"inLanguage\":\"de\",\"@id\":\"https:\/\/www.silent-ride.ch\/wordpress\/#\/schema\/logo\/image\/\",\"url\":\"https:\/\/www.silent-ride.ch\/wordpress\/wp-content\/uploads\/2020\/04\/Quadrat-Logo-799x799-1-e1586244956863.jpg\",\"contentUrl\":\"https:\/\/www.silent-ride.ch\/wordpress\/wp-content\/uploads\/2020\/04\/Quadrat-Logo-799x799-1-e1586244956863.jpg\",\"width\":329,\"height\":317,\"caption\":\"silent-ride.ch\"},\"image\":{\"@id\":\"https:\/\/www.silent-ride.ch\/wordpress\/#\/schema\/logo\/image\/\"}},{\"@type\":\"WebSite\",\"@id\":\"https:\/\/www.silent-ride.ch\/wordpress\/#website\",\"url\":\"https:\/\/www.silent-ride.ch\/wordpress\/\",\"name\":\"E-Scooter &amp; E-Roller Shop | Elektroroller Service\",\"description\":\"eRoller und eScooter kaufen oder mieten\",\"publisher\":{\"@id\":\"https:\/\/www.silent-ride.ch\/wordpress\/#organization\"},\"potentialAction\":[{\"@type\":\"SearchAction\",\"target\":{\"@type\":\"EntryPoint\",\"urlTemplate\":\"https:\/\/www.silent-ride.ch\/wordpress\/?s={search_term_string}\"},\"query-input\":\"required name=search_term_string\"}],\"inLanguage\":\"de\"},{\"@type\":\"ImageObject\",\"inLanguage\":\"de\",\"@id\":\"https:\/\/www.silent-ride.ch\/wordpress\/produkt\/ladegeraet-escooter-x1-netzteil-48-volt\/#primaryimage\",\"url\":\"https:\/\/www.silent-ride.ch\/wordpress\/wp-content\/uploads\/2020\/05\/Ladegeraet-eScooter-X1-Lade-Stecker-Netzteil-48-Volt.jpg\",\"contentUrl\":\"https:\/\/www.silent-ride.ch\/wordpress\/wp-content\/uploads\/2020\/05\/Ladegeraet-eScooter-X1-Lade-Stecker-Netzteil-48-Volt.jpg\",\"width\":605,\"height\":559},{\"@type\":\"WebPage\",\"@id\":\"https:\/\/www.silent-ride.ch\/wordpress\/produkt\/ladegeraet-escooter-x1-netzteil-48-volt\/#webpage\",\"url\":\"https:\/\/www.silent-ride.ch\/wordpress\/produkt\/ladegeraet-escooter-x1-netzteil-48-volt\/\",\"name\":\"Ladeger\u00e4t eScooter X1 Netzteil 48 Volt\",\"isPartOf\":{\"@id\":\"https:\/\/www.silent-ride.ch\/wordpress\/#website\"},\"primaryImageOfPage\":{\"@id\":\"https:\/\/www.silent-ride.ch\/wordpress\/produkt\/ladegeraet-escooter-x1-netzteil-48-volt\/#primaryimage\"},\"datePublished\":\"2024-10-30T14:11:20+00:00\",\"dateModified\":\"2026-04-10T16:44:03+00:00\",\"description\":\"Ladeger\u00e4t E-Scooter X1. Ladestecker hat 2 Pins f\u00fcr die Akkus des eRoller X1 und andere eScooter Sky Sky2. Netzteil f\u00fcr 48Volt Akkus.\",\"breadcrumb\":{\"@id\":\"https:\/\/www.silent-ride.ch\/wordpress\/produkt\/ladegeraet-escooter-x1-netzteil-48-volt\/#breadcrumb\"},\"inLanguage\":\"de\",\"potentialAction\":[{\"@type\":\"ReadAction\",\"target\":[\"https:\/\/www.silent-ride.ch\/wordpress\/produkt\/ladegeraet-escooter-x1-netzteil-48-volt\/\"]}]},{\"@type\":\"BreadcrumbList\",\"@id\":\"https:\/\/www.silent-ride.ch\/wordpress\/produkt\/ladegeraet-escooter-x1-netzteil-48-volt\/#breadcrumb\",\"itemListElement\":[{\"@type\":\"ListItem\",\"position\":1,\"name\":\"Startseite\",\"item\":\"https:\/\/www.silent-ride.ch\/wordpress\/\"},{\"@type\":\"ListItem\",\"position\":2,\"name\":\"E-Roller Shop\",\"item\":\"https:\/\/www.silent-ride.ch\/wordpress\/e-scooter-shop\/\"},{\"@type\":\"ListItem\",\"position\":3,\"name\":\"Ladeger\u00e4t eScooter X1 Netzteil 48 Volt\"}]}]}<\/script>\n<!-- \/ Yoast SEO plugin. -->","yoast_head_json":{"title":"Ladeger\u00e4t eScooter X1 Netzteil 48 Volt","description":"Ladeger\u00e4t E-Scooter X1. Ladestecker hat 2 Pins f\u00fcr die Akkus des eRoller X1 und andere eScooter Sky Sky2. Netzteil f\u00fcr 48Volt Akkus.","robots":{"index":"index","follow":"follow","max-snippet":"max-snippet:-1","max-image-preview":"max-image-preview:large","max-video-preview":"max-video-preview:-1"},"canonical":"https:\/\/www.silent-ride.ch\/wordpress\/produkt\/ladegeraet-escooter-x1-netzteil-48-volt\/","og_locale":"de_DE","og_type":"article","og_title":"Ladeger\u00e4t eScooter X1 Netzteil 48 Volt","og_description":"Ladeger\u00e4t E-Scooter X1. Ladestecker hat 2 Pins f\u00fcr die Akkus des eRoller X1 und andere eScooter Sky Sky2. Netzteil f\u00fcr 48Volt Akkus.","og_url":"https:\/\/www.silent-ride.ch\/wordpress\/produkt\/ladegeraet-escooter-x1-netzteil-48-volt\/","og_site_name":"E-Scooter &amp; E-Roller Shop | Elektroroller Service","article_modified_time":"2026-04-10T16:44:03+00:00","og_image":[{"width":605,"height":559,"url":"https:\/\/www.silent-ride.ch\/wordpress\/wp-content\/uploads\/2020\/05\/Ladegeraet-eScooter-X1-Lade-Stecker-Netzteil-48-Volt.jpg","type":"image\/jpeg"}],"twitter_card":"summary_large_image","twitter_site":"@Silent_Ride_ch","twitter_misc":{"Gesch\u00e4tzte Lesezeit":"1\u00a0Minute"},"schema":{"@context":"https:\/\/schema.org","@graph":[{"@type":"Organization","@id":"https:\/\/www.silent-ride.ch\/wordpress\/#organization","name":"silent-ride.ch","url":"https:\/\/www.silent-ride.ch\/wordpress\/","sameAs":["https:\/\/www.instagram.com\/silent_ride.ch\/","https:\/\/twitter.com\/Silent_Ride_ch"],"logo":{"@type":"ImageObject","inLanguage":"de","@id":"https:\/\/www.silent-ride.ch\/wordpress\/#\/schema\/logo\/image\/","url":"https:\/\/www.silent-ride.ch\/wordpress\/wp-content\/uploads\/2020\/04\/Quadrat-Logo-799x799-1-e1586244956863.jpg","contentUrl":"https:\/\/www.silent-ride.ch\/wordpress\/wp-content\/uploads\/2020\/04\/Quadrat-Logo-799x799-1-e1586244956863.jpg","width":329,"height":317,"caption":"silent-ride.ch"},"image":{"@id":"https:\/\/www.silent-ride.ch\/wordpress\/#\/schema\/logo\/image\/"}},{"@type":"WebSite","@id":"https:\/\/www.silent-ride.ch\/wordpress\/#website","url":"https:\/\/www.silent-ride.ch\/wordpress\/","name":"E-Scooter &amp; E-Roller Shop | Elektroroller Service","description":"eRoller und eScooter kaufen oder mieten","publisher":{"@id":"https:\/\/www.silent-ride.ch\/wordpress\/#organization"},"potentialAction":[{"@type":"SearchAction","target":{"@type":"EntryPoint","urlTemplate":"https:\/\/www.silent-ride.ch\/wordpress\/?s={search_term_string}"},"query-input":"required name=search_term_string"}],"inLanguage":"de"},{"@type":"ImageObject","inLanguage":"de","@id":"https:\/\/www.silent-ride.ch\/wordpress\/produkt\/ladegeraet-escooter-x1-netzteil-48-volt\/#primaryimage","url":"https:\/\/www.silent-ride.ch\/wordpress\/wp-content\/uploads\/2020\/05\/Ladegeraet-eScooter-X1-Lade-Stecker-Netzteil-48-Volt.jpg","contentUrl":"https:\/\/www.silent-ride.ch\/wordpress\/wp-content\/uploads\/2020\/05\/Ladegeraet-eScooter-X1-Lade-Stecker-Netzteil-48-Volt.jpg","width":605,"height":559},{"@type":"WebPage","@id":"https:\/\/www.silent-ride.ch\/wordpress\/produkt\/ladegeraet-escooter-x1-netzteil-48-volt\/#webpage","url":"https:\/\/www.silent-ride.ch\/wordpress\/produkt\/ladegeraet-escooter-x1-netzteil-48-volt\/","name":"Ladeger\u00e4t eScooter X1 Netzteil 48 Volt","isPartOf":{"@id":"https:\/\/www.silent-ride.ch\/wordpress\/#website"},"primaryImageOfPage":{"@id":"https:\/\/www.silent-ride.ch\/wordpress\/produkt\/ladegeraet-escooter-x1-netzteil-48-volt\/#primaryimage"},"datePublished":"2024-10-30T14:11:20+00:00","dateModified":"2026-04-10T16:44:03+00:00","description":"Ladeger\u00e4t E-Scooter X1. Ladestecker hat 2 Pins f\u00fcr die Akkus des eRoller X1 und andere eScooter Sky Sky2. Netzteil f\u00fcr 48Volt Akkus.","breadcrumb":{"@id":"https:\/\/www.silent-ride.ch\/wordpress\/produkt\/ladegeraet-escooter-x1-netzteil-48-volt\/#breadcrumb"},"inLanguage":"de","potentialAction":[{"@type":"ReadAction","target":["https:\/\/www.silent-ride.ch\/wordpress\/produkt\/ladegeraet-escooter-x1-netzteil-48-volt\/"]}]},{"@type":"BreadcrumbList","@id":"https:\/\/www.silent-ride.ch\/wordpress\/produkt\/ladegeraet-escooter-x1-netzteil-48-volt\/#breadcrumb","itemListElement":[{"@type":"ListItem","position":1,"name":"Startseite","item":"https:\/\/www.silent-ride.ch\/wordpress\/"},{"@type":"ListItem","position":2,"name":"E-Roller Shop","item":"https:\/\/www.silent-ride.ch\/wordpress\/e-scooter-shop\/"},{"@type":"ListItem","position":3,"name":"Ladeger\u00e4t eScooter X1 Netzteil 48 Volt"}]}]}},"_links":{"self":[{"href":"https:\/\/www.silent-ride.ch\/wordpress\/wp-json\/wp\/v2\/product\/7909"}],"collection":[{"href":"https:\/\/www.silent-ride.ch\/wordpress\/wp-json\/wp\/v2\/product"}],"about":[{"href":"https:\/\/www.silent-ride.ch\/wordpress\/wp-json\/wp\/v2\/types\/product"}],"replies":[{"embeddable":true,"href":"https:\/\/www.silent-ride.ch\/wordpress\/wp-json\/wp\/v2\/comments?post=7909"}],"version-history":[{"count":2,"href":"https:\/\/www.silent-ride.ch\/wordpress\/wp-json\/wp\/v2\/product\/7909\/revisions"}],"predecessor-version":[{"id":7911,"href":"https:\/\/www.silent-ride.ch\/wordpress\/wp-json\/wp\/v2\/product\/7909\/revisions\/7911"}],"wp:featuredmedia":[{"embeddable":true,"href":"https:\/\/www.silent-ride.ch\/wordpress\/wp-json\/wp\/v2\/media\/7852"}],"wp:attachment":[{"href":"https:\/\/www.silent-ride.ch\/wordpress\/wp-json\/wp\/v2\/media?parent=7909"}],"wp:term":[{"taxonomy":"product_cat","embeddable":true,"href":"https:\/\/www.silent-ride.ch\/wordpress\/wp-json\/wp\/v2\/product_cat?post=7909"},{"taxonomy":"product_tag","embeddable":true,"href":"https:\/\/www.silent-ride.ch\/wordpress\/wp-json\/wp\/v2\/product_tag?post=7909"}],"curies":[{"name":"wp","href":"https:\/\/api.w.org\/{rel}","templated":true}]}}