{"id":7251,"date":"2024-02-09T17:02:08","date_gmt":"2024-02-09T16:02:08","guid":{"rendered":"https:\/\/www.silent-ride.ch\/wordpress\/?post_type=product&#038;p=7251"},"modified":"2025-11-17T12:04:38","modified_gmt":"2025-11-17T11:04:38","slug":"schlauch-10-zoll-fuer-reifen-10x2-0-10x2-125","status":"publish","type":"product","link":"https:\/\/www.silent-ride.ch\/wordpress\/produkt\/schlauch-10-zoll-fuer-reifen-10x2-0-10x2-125\/","title":{"rendered":"Schlauch 10 Zoll f\u00fcr Reifen 10&#215;2.0 10&#215;2.125"},"content":{"rendered":"<h1>Schlauch 10 Zoll f\u00fcr Reifen 10&#215;2.0 10&#215;2.125 f\u00fcr E-Scooter<\/h1>\n<p><strong>Schlauch f\u00fcr eScooter Reifen &#8211; eScooter VMAX VX2 Pro \u00b7 VX3 Pro Serie \u00b7 VX4 \u00b7 VX5 \u00b7 R40 PRO \u00b7 R55 PRO<\/strong><\/p>\n<p>&nbsp;<\/p>\n<p>Schlauch speziell auf die Elektroroller \/ E-Scooter abgestimmt.<\/p>\n<p>F\u00fcr sicheren und komfortablen Fahrspass.<\/p>\n<p align=\"left\">Dieser Schlauch wird auf diversen Elektroroller \/ Elektroscooter verwendet.<\/p>\n<p>Kann nat\u00fcrlich auch universal eingesetzt werden, solange die Dimension10 x 2.00 \/ 2.50 \u00fcbereinstimmt.<\/p>\n<p>Ventil 45\u00b0<\/p>\n","protected":false},"excerpt":{"rendered":"<p>Schlauch f\u00fcr 10 Zoll Reifen<\/p>\n<p>10 x 2.0 oder 10 x 2.125<\/p>\n","protected":false},"featured_media":7254,"comment_status":"open","ping_status":"closed","template":"","meta":{"_joinchat":[]},"product_cat":[242],"product_tag":[395,393,389,397,392,399,398,396],"yoast_head":"<!-- This site is optimized with the Yoast SEO plugin v19.0 - https:\/\/yoast.com\/wordpress\/plugins\/seo\/ -->\n<title>Schlauch 10 Zoll f\u00fcr Reifen 10x2.0 10x2.125 -<\/title>\n<meta name=\"description\" content=\"Schlauch 10 Zoll f\u00fcr Reifen 10x2.0 10x2.125 f\u00fcr E-Scooter sind speziell f\u00fcr die Elektroroller und E-Scooter entwickelt.\" \/>\n<meta name=\"robots\" content=\"index, follow, max-snippet:-1, max-image-preview:large, max-video-preview:-1\" \/>\n<link rel=\"canonical\" href=\"https:\/\/www.silent-ride.ch\/wordpress\/produkt\/schlauch-10-zoll-fuer-reifen-10x2-0-10x2-125\/\" \/>\n<meta property=\"og:locale\" content=\"de_DE\" \/>\n<meta property=\"og:type\" content=\"article\" \/>\n<meta property=\"og:title\" content=\"Schlauch 10 Zoll f\u00fcr Reifen 10x2.0 10x2.125 -\" \/>\n<meta property=\"og:description\" content=\"Schlauch 10 Zoll f\u00fcr Reifen 10x2.0 10x2.125 f\u00fcr E-Scooter sind speziell f\u00fcr die Elektroroller und E-Scooter entwickelt.\" \/>\n<meta property=\"og:url\" content=\"https:\/\/www.silent-ride.ch\/wordpress\/produkt\/schlauch-10-zoll-fuer-reifen-10x2-0-10x2-125\/\" \/>\n<meta property=\"og:site_name\" content=\"E-Scooter &amp; E-Roller Shop | Elektroroller Service\" \/>\n<meta property=\"article:modified_time\" content=\"2025-11-17T11:04:38+00:00\" \/>\n<meta property=\"og:image\" content=\"https:\/\/www.silent-ride.ch\/wordpress\/wp-content\/uploads\/2024\/02\/Schlauch-escooter-VMAX-Xiaomi-1S-M365-Pro2-Elektroscooter.jpg\" \/>\n\t<meta property=\"og:image:width\" content=\"634\" \/>\n\t<meta property=\"og:image:height\" content=\"611\" \/>\n\t<meta property=\"og:image:type\" content=\"image\/jpeg\" \/>\n<meta name=\"twitter:card\" content=\"summary_large_image\" \/>\n<meta name=\"twitter:site\" content=\"@Silent_Ride_ch\" \/>\n<meta name=\"twitter:label1\" content=\"Gesch\u00e4tzte Lesezeit\" \/>\n\t<meta name=\"twitter:data1\" content=\"1\u00a0Minute\" \/>\n<script type=\"application\/ld+json\" class=\"yoast-schema-graph\">{\"@context\":\"https:\/\/schema.org\",\"@graph\":[{\"@type\":\"Organization\",\"@id\":\"https:\/\/www.silent-ride.ch\/wordpress\/#organization\",\"name\":\"silent-ride.ch\",\"url\":\"https:\/\/www.silent-ride.ch\/wordpress\/\",\"sameAs\":[\"https:\/\/www.instagram.com\/silent_ride.ch\/\",\"https:\/\/twitter.com\/Silent_Ride_ch\"],\"logo\":{\"@type\":\"ImageObject\",\"inLanguage\":\"de\",\"@id\":\"https:\/\/www.silent-ride.ch\/wordpress\/#\/schema\/logo\/image\/\",\"url\":\"https:\/\/www.silent-ride.ch\/wordpress\/wp-content\/uploads\/2020\/04\/Quadrat-Logo-799x799-1-e1586244956863.jpg\",\"contentUrl\":\"https:\/\/www.silent-ride.ch\/wordpress\/wp-content\/uploads\/2020\/04\/Quadrat-Logo-799x799-1-e1586244956863.jpg\",\"width\":329,\"height\":317,\"caption\":\"silent-ride.ch\"},\"image\":{\"@id\":\"https:\/\/www.silent-ride.ch\/wordpress\/#\/schema\/logo\/image\/\"}},{\"@type\":\"WebSite\",\"@id\":\"https:\/\/www.silent-ride.ch\/wordpress\/#website\",\"url\":\"https:\/\/www.silent-ride.ch\/wordpress\/\",\"name\":\"E-Scooter &amp; E-Roller Shop | Elektroroller Service\",\"description\":\"eRoller und eScooter kaufen oder mieten\",\"publisher\":{\"@id\":\"https:\/\/www.silent-ride.ch\/wordpress\/#organization\"},\"potentialAction\":[{\"@type\":\"SearchAction\",\"target\":{\"@type\":\"EntryPoint\",\"urlTemplate\":\"https:\/\/www.silent-ride.ch\/wordpress\/?s={search_term_string}\"},\"query-input\":\"required name=search_term_string\"}],\"inLanguage\":\"de\"},{\"@type\":\"ImageObject\",\"inLanguage\":\"de\",\"@id\":\"https:\/\/www.silent-ride.ch\/wordpress\/produkt\/schlauch-10-zoll-fuer-reifen-10x2-0-10x2-125\/#primaryimage\",\"url\":\"https:\/\/www.silent-ride.ch\/wordpress\/wp-content\/uploads\/2024\/02\/Schlauch-escooter-VMAX-Xiaomi-1S-M365-Pro2-Elektroscooter.jpg\",\"contentUrl\":\"https:\/\/www.silent-ride.ch\/wordpress\/wp-content\/uploads\/2024\/02\/Schlauch-escooter-VMAX-Xiaomi-1S-M365-Pro2-Elektroscooter.jpg\",\"width\":634,\"height\":611},{\"@type\":\"WebPage\",\"@id\":\"https:\/\/www.silent-ride.ch\/wordpress\/produkt\/schlauch-10-zoll-fuer-reifen-10x2-0-10x2-125\/#webpage\",\"url\":\"https:\/\/www.silent-ride.ch\/wordpress\/produkt\/schlauch-10-zoll-fuer-reifen-10x2-0-10x2-125\/\",\"name\":\"Schlauch 10 Zoll f\u00fcr Reifen 10x2.0 10x2.125 -\",\"isPartOf\":{\"@id\":\"https:\/\/www.silent-ride.ch\/wordpress\/#website\"},\"primaryImageOfPage\":{\"@id\":\"https:\/\/www.silent-ride.ch\/wordpress\/produkt\/schlauch-10-zoll-fuer-reifen-10x2-0-10x2-125\/#primaryimage\"},\"datePublished\":\"2024-02-09T16:02:08+00:00\",\"dateModified\":\"2025-11-17T11:04:38+00:00\",\"description\":\"Schlauch 10 Zoll f\u00fcr Reifen 10x2.0 10x2.125 f\u00fcr E-Scooter sind speziell f\u00fcr die Elektroroller und E-Scooter entwickelt.\",\"breadcrumb\":{\"@id\":\"https:\/\/www.silent-ride.ch\/wordpress\/produkt\/schlauch-10-zoll-fuer-reifen-10x2-0-10x2-125\/#breadcrumb\"},\"inLanguage\":\"de\",\"potentialAction\":[{\"@type\":\"ReadAction\",\"target\":[\"https:\/\/www.silent-ride.ch\/wordpress\/produkt\/schlauch-10-zoll-fuer-reifen-10x2-0-10x2-125\/\"]}]},{\"@type\":\"BreadcrumbList\",\"@id\":\"https:\/\/www.silent-ride.ch\/wordpress\/produkt\/schlauch-10-zoll-fuer-reifen-10x2-0-10x2-125\/#breadcrumb\",\"itemListElement\":[{\"@type\":\"ListItem\",\"position\":1,\"name\":\"Startseite\",\"item\":\"https:\/\/www.silent-ride.ch\/wordpress\/\"},{\"@type\":\"ListItem\",\"position\":2,\"name\":\"E-Roller Shop\",\"item\":\"https:\/\/www.silent-ride.ch\/wordpress\/e-scooter-shop\/\"},{\"@type\":\"ListItem\",\"position\":3,\"name\":\"Schlauch 10 Zoll f\u00fcr Reifen 10&#215;2.0 10&#215;2.125\"}]}]}<\/script>\n<!-- \/ Yoast SEO plugin. -->","yoast_head_json":{"title":"Schlauch 10 Zoll f\u00fcr Reifen 10x2.0 10x2.125 -","description":"Schlauch 10 Zoll f\u00fcr Reifen 10x2.0 10x2.125 f\u00fcr E-Scooter sind speziell f\u00fcr die Elektroroller und E-Scooter entwickelt.","robots":{"index":"index","follow":"follow","max-snippet":"max-snippet:-1","max-image-preview":"max-image-preview:large","max-video-preview":"max-video-preview:-1"},"canonical":"https:\/\/www.silent-ride.ch\/wordpress\/produkt\/schlauch-10-zoll-fuer-reifen-10x2-0-10x2-125\/","og_locale":"de_DE","og_type":"article","og_title":"Schlauch 10 Zoll f\u00fcr Reifen 10x2.0 10x2.125 -","og_description":"Schlauch 10 Zoll f\u00fcr Reifen 10x2.0 10x2.125 f\u00fcr E-Scooter sind speziell f\u00fcr die Elektroroller und E-Scooter entwickelt.","og_url":"https:\/\/www.silent-ride.ch\/wordpress\/produkt\/schlauch-10-zoll-fuer-reifen-10x2-0-10x2-125\/","og_site_name":"E-Scooter &amp; E-Roller Shop | Elektroroller Service","article_modified_time":"2025-11-17T11:04:38+00:00","og_image":[{"width":634,"height":611,"url":"https:\/\/www.silent-ride.ch\/wordpress\/wp-content\/uploads\/2024\/02\/Schlauch-escooter-VMAX-Xiaomi-1S-M365-Pro2-Elektroscooter.jpg","type":"image\/jpeg"}],"twitter_card":"summary_large_image","twitter_site":"@Silent_Ride_ch","twitter_misc":{"Gesch\u00e4tzte Lesezeit":"1\u00a0Minute"},"schema":{"@context":"https:\/\/schema.org","@graph":[{"@type":"Organization","@id":"https:\/\/www.silent-ride.ch\/wordpress\/#organization","name":"silent-ride.ch","url":"https:\/\/www.silent-ride.ch\/wordpress\/","sameAs":["https:\/\/www.instagram.com\/silent_ride.ch\/","https:\/\/twitter.com\/Silent_Ride_ch"],"logo":{"@type":"ImageObject","inLanguage":"de","@id":"https:\/\/www.silent-ride.ch\/wordpress\/#\/schema\/logo\/image\/","url":"https:\/\/www.silent-ride.ch\/wordpress\/wp-content\/uploads\/2020\/04\/Quadrat-Logo-799x799-1-e1586244956863.jpg","contentUrl":"https:\/\/www.silent-ride.ch\/wordpress\/wp-content\/uploads\/2020\/04\/Quadrat-Logo-799x799-1-e1586244956863.jpg","width":329,"height":317,"caption":"silent-ride.ch"},"image":{"@id":"https:\/\/www.silent-ride.ch\/wordpress\/#\/schema\/logo\/image\/"}},{"@type":"WebSite","@id":"https:\/\/www.silent-ride.ch\/wordpress\/#website","url":"https:\/\/www.silent-ride.ch\/wordpress\/","name":"E-Scooter &amp; E-Roller Shop | Elektroroller Service","description":"eRoller und eScooter kaufen oder mieten","publisher":{"@id":"https:\/\/www.silent-ride.ch\/wordpress\/#organization"},"potentialAction":[{"@type":"SearchAction","target":{"@type":"EntryPoint","urlTemplate":"https:\/\/www.silent-ride.ch\/wordpress\/?s={search_term_string}"},"query-input":"required name=search_term_string"}],"inLanguage":"de"},{"@type":"ImageObject","inLanguage":"de","@id":"https:\/\/www.silent-ride.ch\/wordpress\/produkt\/schlauch-10-zoll-fuer-reifen-10x2-0-10x2-125\/#primaryimage","url":"https:\/\/www.silent-ride.ch\/wordpress\/wp-content\/uploads\/2024\/02\/Schlauch-escooter-VMAX-Xiaomi-1S-M365-Pro2-Elektroscooter.jpg","contentUrl":"https:\/\/www.silent-ride.ch\/wordpress\/wp-content\/uploads\/2024\/02\/Schlauch-escooter-VMAX-Xiaomi-1S-M365-Pro2-Elektroscooter.jpg","width":634,"height":611},{"@type":"WebPage","@id":"https:\/\/www.silent-ride.ch\/wordpress\/produkt\/schlauch-10-zoll-fuer-reifen-10x2-0-10x2-125\/#webpage","url":"https:\/\/www.silent-ride.ch\/wordpress\/produkt\/schlauch-10-zoll-fuer-reifen-10x2-0-10x2-125\/","name":"Schlauch 10 Zoll f\u00fcr Reifen 10x2.0 10x2.125 -","isPartOf":{"@id":"https:\/\/www.silent-ride.ch\/wordpress\/#website"},"primaryImageOfPage":{"@id":"https:\/\/www.silent-ride.ch\/wordpress\/produkt\/schlauch-10-zoll-fuer-reifen-10x2-0-10x2-125\/#primaryimage"},"datePublished":"2024-02-09T16:02:08+00:00","dateModified":"2025-11-17T11:04:38+00:00","description":"Schlauch 10 Zoll f\u00fcr Reifen 10x2.0 10x2.125 f\u00fcr E-Scooter sind speziell f\u00fcr die Elektroroller und E-Scooter entwickelt.","breadcrumb":{"@id":"https:\/\/www.silent-ride.ch\/wordpress\/produkt\/schlauch-10-zoll-fuer-reifen-10x2-0-10x2-125\/#breadcrumb"},"inLanguage":"de","potentialAction":[{"@type":"ReadAction","target":["https:\/\/www.silent-ride.ch\/wordpress\/produkt\/schlauch-10-zoll-fuer-reifen-10x2-0-10x2-125\/"]}]},{"@type":"BreadcrumbList","@id":"https:\/\/www.silent-ride.ch\/wordpress\/produkt\/schlauch-10-zoll-fuer-reifen-10x2-0-10x2-125\/#breadcrumb","itemListElement":[{"@type":"ListItem","position":1,"name":"Startseite","item":"https:\/\/www.silent-ride.ch\/wordpress\/"},{"@type":"ListItem","position":2,"name":"E-Roller Shop","item":"https:\/\/www.silent-ride.ch\/wordpress\/e-scooter-shop\/"},{"@type":"ListItem","position":3,"name":"Schlauch 10 Zoll f\u00fcr Reifen 10&#215;2.0 10&#215;2.125"}]}]}},"_links":{"self":[{"href":"https:\/\/www.silent-ride.ch\/wordpress\/wp-json\/wp\/v2\/product\/7251"}],"collection":[{"href":"https:\/\/www.silent-ride.ch\/wordpress\/wp-json\/wp\/v2\/product"}],"about":[{"href":"https:\/\/www.silent-ride.ch\/wordpress\/wp-json\/wp\/v2\/types\/product"}],"replies":[{"embeddable":true,"href":"https:\/\/www.silent-ride.ch\/wordpress\/wp-json\/wp\/v2\/comments?post=7251"}],"version-history":[{"count":3,"href":"https:\/\/www.silent-ride.ch\/wordpress\/wp-json\/wp\/v2\/product\/7251\/revisions"}],"predecessor-version":[{"id":7259,"href":"https:\/\/www.silent-ride.ch\/wordpress\/wp-json\/wp\/v2\/product\/7251\/revisions\/7259"}],"wp:featuredmedia":[{"embeddable":true,"href":"https:\/\/www.silent-ride.ch\/wordpress\/wp-json\/wp\/v2\/media\/7254"}],"wp:attachment":[{"href":"https:\/\/www.silent-ride.ch\/wordpress\/wp-json\/wp\/v2\/media?parent=7251"}],"wp:term":[{"taxonomy":"product_cat","embeddable":true,"href":"https:\/\/www.silent-ride.ch\/wordpress\/wp-json\/wp\/v2\/product_cat?post=7251"},{"taxonomy":"product_tag","embeddable":true,"href":"https:\/\/www.silent-ride.ch\/wordpress\/wp-json\/wp\/v2\/product_tag?post=7251"}],"curies":[{"name":"wp","href":"https:\/\/api.w.org\/{rel}","templated":true}]}}