{"id":608,"date":"2019-04-09T14:33:57","date_gmt":"2019-04-09T12:33:57","guid":{"rendered":"https:\/\/parkofideas.com\/foodz\/demo1\/?page_id=433"},"modified":"2026-01-31T13:22:56","modified_gmt":"2026-01-31T12:22:56","slug":"terms-and-conditions","status":"publish","type":"page","link":"https:\/\/www.silent-ride.ch\/wordpress\/terms-and-conditions\/","title":{"rendered":"Allgemeine Gesch\u00e4ftsbedingungen"},"content":{"rendered":"\t\t<div data-elementor-type=\"wp-page\" data-elementor-id=\"608\" class=\"elementor elementor-608\" data-elementor-settings=\"[]\">\n\t\t\t\t\t\t<div class=\"elementor-inner\">\n\t\t\t\t\t\t\t<div class=\"elementor-section-wrap\">\n\t\t\t\t\t\t\t<section class=\"elementor-section elementor-top-section elementor-element elementor-element-422f327c elementor-section-full_width elementor-section-height-default elementor-section-height-default\" data-id=\"422f327c\" data-element_type=\"section\">\n\t\t\t\t\t\t<div class=\"elementor-container elementor-column-gap-default\">\n\t\t\t\t\t\t\t<div class=\"elementor-row\">\n\t\t\t\t\t<div class=\"elementor-column elementor-col-100 elementor-top-column elementor-element elementor-element-2942d046\" data-id=\"2942d046\" data-element_type=\"column\">\n\t\t\t<div class=\"elementor-column-wrap elementor-element-populated\">\n\t\t\t\t\t\t\t<div class=\"elementor-widget-wrap\">\n\t\t\t\t\t\t<div class=\"elementor-element elementor-element-1fddba7 elementor-drop-cap-yes elementor-drop-cap-view-default elementor-widget elementor-widget-text-editor\" data-id=\"1fddba7\" data-element_type=\"widget\" data-settings=\"{&quot;drop_cap&quot;:&quot;yes&quot;}\" data-widget_type=\"text-editor.default\">\n\t\t\t\t<div class=\"elementor-widget-container\">\n\t\t\t\t\t\t\t\t<div class=\"elementor-text-editor elementor-clearfix\">\n\t\t\t\t<p style=\"text-align: left;\"><strong>Allgemeine<br>Gesch\u00e4ftsbedingungen (AGB) von SR Mobilien GmbH<\/strong><\/p>\n<ol style=\"text-align: left;\">\n<li>Geltungsbereich<\/li>\n<\/ol>\n<p style=\"text-align: left;\">Die nachfolgenden Allgemeinen Gesch\u00e4ftsbedingungen (AGB)<br>gelten f\u00fcr alle gesch\u00e4ftlichen Beziehungen der SR Mobilien GmbH, R\u00f6sslimatte<br>10, 5637 Beinwil (nachfolgend SR Mobilien GmbH genannt), u.a. f\u00fcr alle<br>Bestellungen, die Kunden \u00fcber den Online-Shop der SR Mobilien GmbH t\u00e4tigen. Mit<br>dem Abschluss eines Vertrages bzw. die Best\u00e4tigung der Bestellung durch SR<br>Mobilien GmbH gelten diese AGB als vom Kunden bedingungslos akzeptiert.<\/p>\n<ol style=\"text-align: left;\" start=\"2\">\n<li>Vertragsabschluss<\/li>\n<\/ol>\n<p style=\"text-align: left;\">Die Anbietung der Produkte und Dienstleistungen im<br>Online-Shop stellt eine nicht bindende Aufforderung zur Bestellung dar. Der<br>Eingang der rechtlich verbindlichen Bestellung \u00fcber den Online-Shop durch Kunde<br>wird vom SR Mobilien GmbH per E-Mail best\u00e4tigt. Der Vertrag kommt zustande,<br>wenn SR Mobilien GmbH eine Versandbest\u00e4tigung \/ Reservierungsbest\u00e4tigung (bei<br>Selbstabholung und Vermietung) per E-Mail abschickt. Die Lieferung \/ Abholung der<br>bestellten Produkte erfolgt erst nach vollst\u00e4ndigem Zahlungseingang. Falls es<br>sich nach dem Vertragsabschluss herausstellt, dass die bestellten Produkte<br>nicht oder nicht in vollem Umfang geliefert \/ reserviert werden k\u00f6nnen, hat SR<br>Mobilien GmbH das Recht vom Vertrag ganz oder teilweise zur\u00fcckzutreten. Sollte<br>es beim oben erw\u00e4hnten Fall um Produkte gehen, f\u00fcr die die Zahlung bei SR<br>Mobilien eingegangen ist, wird der entsprechende Betrag dem Kunden<br>zur\u00fcckerstattet. Es besteht keine Verpflichtung seitens SR Mobilien GmbH zu<br>einer Ersatzlieferung \/ Ersatzreservierung.<\/p>\n<ol style=\"text-align: left;\" start=\"3\">\n<li>Preise und Versand<\/li>\n<\/ol>\n<p style=\"text-align: left;\">Die Preise werden in Schweizer Franken (CHF) angegeben. Wenn<br>nicht anders vermerkt, sind gesetzliche Mehrwertsteuer and vorgezogene<br>Recyclinggeb\u00fchren inbegriffen. Bearbeitungsgeb\u00fchren und Versandpreise werden<br>extra verrechnet. Die allf\u00e4lligen Versandkosten werden dem Kunden im Bestellprozess separat angezeigt.&nbsp; SR Mobilien GmbH beh\u00e4lt das Recht vor, die Preise jederzeit zu \u00e4ndern.<\/p>\n<ol style=\"text-align: left;\" start=\"4\">\n<li>Informationen auf dieser Webseite<\/li>\n<\/ol>\n<p style=\"text-align: left;\">Preis- und Sortiments\u00e4nderungen sowie technische \u00c4nderungen<br>bleiben vorbehalten. Alle Angebote auf dieser Webseite gelten als freibleibend<br>und sind nicht als verbindliche Offerte zu verstehen. F\u00fcr die Aktualit\u00e4t,<br>Vollst\u00e4ndigkeit und Korrektheit der Angaben auf dieser Webseite, sowie f\u00fcr die<br>Verf\u00fcgbarkeit der Produkte im Online-Shop kann SR Mobilien keine Gew\u00e4hr<br>leisten. Alle Angaben zu Lieferzeiten sind ohne Gew\u00e4hr und k\u00f6nnen sich<br>jederzeit \u00e4ndern. Es wird weder zugesichert, noch garantiert, dass durch die<br>Nutzung dieser Webseite keine Rechte von Dritten verletzt werden, die nicht im<br>Besitz von SR Mobilien GmbH sind.<\/p>\n<ol style=\"text-align: left;\" start=\"5\">\n<li>Zahlung<\/li>\n<\/ol>\n<p style=\"text-align: left;\">Die allf\u00e4llige Zahlungsm\u00f6glichkeiten stehen im<br>Bestellvorgang zur Verf\u00fcgung. Allf\u00e4llige Kreditkarten bzw. Banken und Bearbeitungsgeb\u00fchren gehen zu Lasten des K\u00e4ufers.&nbsp; SR Mobilien GmbH beh\u00e4lt sich das Recht vor, Kunden ohne Angabe von Gr\u00fcnden von einzelnen Zahlungsm\u00f6glichkeiten<br>auszuschliessen oder auf Vorauskasse zu bestehen. Bis zur vollst\u00e4ndigen Bezahlung des Preises bleiben die Produkte Eigentum von SR Mobilien GmbH.<\/p>\n<ol style=\"text-align: left;\" start=\"6\">\n<li>Lieferung, M\u00e4ngelr\u00fcge und Retour<\/li>\n<\/ol>\n<p style=\"text-align: left;\">Die Lieferung erfolgt per Kurierdienst, einem Transporter der SR Mobilien GmbH oder per Post.&nbsp;&nbsp;Mit dem Versenden der Produkte per Post geht die Gefahr auf den Kunden \u00fcber. Der Kunde ist verpflichtet, die Produkte unmittelbar nach dem Erhalt der Lieferung oder \u00dcbernahme auf Vollst\u00e4ndigkeit und Funktionst\u00fcchtigkeit zu \u00fcberpr\u00fcfen. Eventuelle M\u00e4ngel, f\u00fcr die SR Mobilien GmbH Gew\u00e4hr leistet, oder Abweichungen von seiner Bestellung m\u00fcssen sofort, sp\u00e4testens aber innerhalb 5 Arbeitstagen nach der Lieferung, per E-Mail oder Einschreiben an die Adresse im Impressum mitgeteilt werden. Versp\u00e4tete M\u00e4ngelr\u00fcgen werden nicht anerkannt. Die R\u00fccksendung zur \u00dcberpr\u00fcfung an SR Mobilien GmbH erfolgt mit dem Lieferschein und einer ausf\u00fchrlichen Beschreibung der M\u00e4ngel, unbesch\u00e4digt und funktionsf\u00e4hig, im einwandfreien Zustand, originalverpackt, komplett mit allem Zubeh\u00f6r innert 10 Arbeitstagen nach der Lieferung auf Rechnung und Gefahr des Kunden. Ergibt sich bei der Pr\u00fcfung durch SR Mobilien GmbH, dass die Produkte keine feststellbaren M\u00e4ngel aufweisen oder diese nicht unter die Garantie des Herstellers fallen, kann SR Mobilien GmbH die Umtriebe, die R\u00fccksendung oder die allf\u00e4llige Entsorgung dem Kunden in Rechnung stellen. Eine R\u00fcckgabe oder Umtausch wegen Nichtgefallens ist ausgeschlossen.<\/p>\n<ol style=\"text-align: left;\" start=\"7\">\n<li>Gew\u00e4hrleistung und Haftung<\/li>\n<\/ol>\n<p style=\"text-align: left;\">Der Umfang der Gew\u00e4hrleistungsanspr\u00fcche des Kunden in Bezug<br>auf die von SR Mobilien GmbH gelieferten Produkte richtet sich ausschliesslich<br>nach den spezifischen Produktunterlagen des Herstellers.&nbsp;Die Gew\u00e4hrleistung betr\u00e4gt 24 Monate, falls nichts anderes schriftlich vereinbart wurde. Die vorgegebenen Service Intervalle vom Hersteller sind einzuhalten, in der Regel&nbsp;<span style=\"font-size: inherit;\">bei 300\/1000\/3000\/5000 km.&nbsp;<\/span><span style=\"font-size: inherit;\">Von der Gew\u00e4hrleistung werden die normale Abn\u00fctzung, sowie die Folgen unsachgem\u00e4sser Behandlung oder Besch\u00e4digung durch den Kunden oder Drittpersonen, sowie M\u00e4ngel, die auf \u00e4ussere Umst\u00e4nde zur\u00fcckzuf\u00fchren sind, nicht anerkannt. Die Gew\u00e4hrleistung liegt nur bei dem K\u00e4ufer und ist nicht \u00fcbertragbar bei Weiterverkauf des Elektrorollers \/ E-Scooter. Die Gew\u00e4hrleistung f\u00fcr Verbrauchs- und Verschleissteile (z. B. Batterien, Akkus, Reifen, Abdeckungen, Bremsbel\u00e4ge, Gl\u00fchbirnen, usw.) ist explizit ausgeschlossen. Die Kosten f\u00fcr eine Reparatur ausserhalb der Gew\u00e4hrleistung gehen zu Lasten des Kunden. SR Mobilien GmbH schliesst jede Haftung, unabh\u00e4ngig von ihrem Rechtsgrund, sowie Anspr\u00fcche auf Schadenersatz, Minderung gegen SR Mobilien GmbH und allf\u00e4llige Hilfspersonen und Erf\u00fcllungsgehilfen aus. SR Mobilien GmbH haftet insbesondere nicht f\u00fcr direkte oder indirekte Sch\u00e4den und Mangelfolgesch\u00e4den, entgangenen Gewinn oder sonstige Personen-, Sach- und reine Verm\u00f6genssch\u00e4den des Kunden. Vorbehalten bleibt eine weitergehende zwingende gesetzliche Haftung, beispielsweise f\u00fcr grobe Fahrl\u00e4ssigkeit oder rechtswidrige Absicht. F\u00fcr Sch\u00e4den aufgrund ungeeigneter, fehlerhafter bzw. nachl\u00e4ssiger Behandlung oder Montage \u00fcbernimmt SR Mobilien GmbH keine Gew\u00e4hr.<\/span><\/p>\n<ol style=\"text-align: left;\" start=\"8\">\n<li>Gerichtsstand<\/li>\n<\/ol>\n<p style=\"text-align: left;\">Alle Verpflichtungen aus diesen Gesch\u00e4ftsbeziehungen<br>unterstehen ausschliesslich Schweizerischem Recht. Erf\u00fcllungsort und alleiniger<br>Gerichtsstand ist der Sitz von SR Mobilien GmbH. SR Mobilien GmbH ist<br>berechtigt, den Kunden an jedem anderen zust\u00e4ndigen Gericht zu belangen.<\/p>\n<ol style=\"text-align: left;\" start=\"9\">\n<li>\u00c4nderungen der AGB<\/li>\n<\/ol>\n<p style=\"text-align: left;\">Vorbehalten werden jederzeitig \u00c4nderungen an den AGB der SR Mobilien<br>GmbH. Die jeweils rechtsg\u00fcltige Fassung ist auf der Webseite publiziert.<\/p>\n<p style=\"text-align: left;\">Beinwil, April 2020<\/p>\t\t\t\t\t<\/div>\n\t\t\t\t\t\t<\/div>\n\t\t\t\t<\/div>\n\t\t\t\t\t\t<\/div>\n\t\t\t\t\t<\/div>\n\t\t<\/div>\n\t\t\t\t\t\t\t\t<\/div>\n\t\t\t\t\t<\/div>\n\t\t<\/section>\n\t\t\t\t\t\t<\/div>\n\t\t\t\t\t\t<\/div>\n\t\t\t\t\t<\/div>\n\t\t","protected":false},"excerpt":{"rendered":"<p>Allgemeine Gesch\u00e4ftsbedingungen (AGB) von SR Mobilien GmbH Geltungsbereich Die nachfolgenden Allgemeinen Gesch\u00e4ftsbedingungen (AGB) gelten f\u00fcr&hellip;<\/p>\n","protected":false},"author":1,"featured_media":0,"parent":0,"menu_order":0,"comment_status":"closed","ping_status":"closed","template":"","meta":{"_joinchat":[]},"yoast_head":"<!-- This site is optimized with the Yoast SEO plugin v19.0 - https:\/\/yoast.com\/wordpress\/plugins\/seo\/ -->\n<title>Allgemeine Gesch\u00e4ftsbedingungen - E-Scooter &amp; E-Roller Shop | Elektroroller Service<\/title>\n<meta name=\"description\" content=\"AGB Allgemeine Gesch\u00e4ftsbedingungen\" \/>\n<meta name=\"robots\" content=\"index, follow, max-snippet:-1, max-image-preview:large, max-video-preview:-1\" \/>\n<link rel=\"canonical\" href=\"https:\/\/www.silent-ride.ch\/wordpress\/terms-and-conditions\/\" \/>\n<meta property=\"og:locale\" content=\"de_DE\" \/>\n<meta property=\"og:type\" content=\"article\" \/>\n<meta property=\"og:title\" content=\"Allgemeine Gesch\u00e4ftsbedingungen - E-Scooter &amp; E-Roller Shop | Elektroroller Service\" \/>\n<meta property=\"og:description\" content=\"AGB Allgemeine Gesch\u00e4ftsbedingungen\" \/>\n<meta property=\"og:url\" content=\"https:\/\/www.silent-ride.ch\/wordpress\/terms-and-conditions\/\" \/>\n<meta property=\"og:site_name\" content=\"E-Scooter &amp; E-Roller Shop | Elektroroller Service\" \/>\n<meta property=\"article:modified_time\" content=\"2026-01-31T12:22:56+00:00\" \/>\n<meta name=\"twitter:card\" content=\"summary_large_image\" \/>\n<meta name=\"twitter:site\" content=\"@Silent_Ride_ch\" \/>\n<meta name=\"twitter:label1\" content=\"Gesch\u00e4tzte Lesezeit\" \/>\n\t<meta name=\"twitter:data1\" content=\"5\u00a0Minuten\" \/>\n<script type=\"application\/ld+json\" class=\"yoast-schema-graph\">{\"@context\":\"https:\/\/schema.org\",\"@graph\":[{\"@type\":\"Organization\",\"@id\":\"https:\/\/www.silent-ride.ch\/wordpress\/#organization\",\"name\":\"silent-ride.ch\",\"url\":\"https:\/\/www.silent-ride.ch\/wordpress\/\",\"sameAs\":[\"https:\/\/www.instagram.com\/silent_ride.ch\/\",\"https:\/\/twitter.com\/Silent_Ride_ch\"],\"logo\":{\"@type\":\"ImageObject\",\"inLanguage\":\"de\",\"@id\":\"https:\/\/www.silent-ride.ch\/wordpress\/#\/schema\/logo\/image\/\",\"url\":\"https:\/\/www.silent-ride.ch\/wordpress\/wp-content\/uploads\/2020\/04\/Quadrat-Logo-799x799-1-e1586244956863.jpg\",\"contentUrl\":\"https:\/\/www.silent-ride.ch\/wordpress\/wp-content\/uploads\/2020\/04\/Quadrat-Logo-799x799-1-e1586244956863.jpg\",\"width\":329,\"height\":317,\"caption\":\"silent-ride.ch\"},\"image\":{\"@id\":\"https:\/\/www.silent-ride.ch\/wordpress\/#\/schema\/logo\/image\/\"}},{\"@type\":\"WebSite\",\"@id\":\"https:\/\/www.silent-ride.ch\/wordpress\/#website\",\"url\":\"https:\/\/www.silent-ride.ch\/wordpress\/\",\"name\":\"E-Scooter &amp; E-Roller Shop | Elektroroller Service\",\"description\":\"eRoller und eScooter kaufen oder mieten\",\"publisher\":{\"@id\":\"https:\/\/www.silent-ride.ch\/wordpress\/#organization\"},\"potentialAction\":[{\"@type\":\"SearchAction\",\"target\":{\"@type\":\"EntryPoint\",\"urlTemplate\":\"https:\/\/www.silent-ride.ch\/wordpress\/?s={search_term_string}\"},\"query-input\":\"required name=search_term_string\"}],\"inLanguage\":\"de\"},{\"@type\":\"WebPage\",\"@id\":\"https:\/\/www.silent-ride.ch\/wordpress\/terms-and-conditions\/#webpage\",\"url\":\"https:\/\/www.silent-ride.ch\/wordpress\/terms-and-conditions\/\",\"name\":\"Allgemeine Gesch\u00e4ftsbedingungen - E-Scooter &amp; E-Roller Shop | Elektroroller Service\",\"isPartOf\":{\"@id\":\"https:\/\/www.silent-ride.ch\/wordpress\/#website\"},\"datePublished\":\"2019-04-09T12:33:57+00:00\",\"dateModified\":\"2026-01-31T12:22:56+00:00\",\"description\":\"AGB Allgemeine Gesch\u00e4ftsbedingungen\",\"breadcrumb\":{\"@id\":\"https:\/\/www.silent-ride.ch\/wordpress\/terms-and-conditions\/#breadcrumb\"},\"inLanguage\":\"de\",\"potentialAction\":[{\"@type\":\"ReadAction\",\"target\":[\"https:\/\/www.silent-ride.ch\/wordpress\/terms-and-conditions\/\"]}]},{\"@type\":\"BreadcrumbList\",\"@id\":\"https:\/\/www.silent-ride.ch\/wordpress\/terms-and-conditions\/#breadcrumb\",\"itemListElement\":[{\"@type\":\"ListItem\",\"position\":1,\"name\":\"Startseite\",\"item\":\"https:\/\/www.silent-ride.ch\/wordpress\/\"},{\"@type\":\"ListItem\",\"position\":2,\"name\":\"Allgemeine Gesch\u00e4ftsbedingungen\"}]}]}<\/script>\n<!-- \/ Yoast SEO plugin. -->","yoast_head_json":{"title":"Allgemeine Gesch\u00e4ftsbedingungen - E-Scooter &amp; E-Roller Shop | Elektroroller Service","description":"AGB Allgemeine Gesch\u00e4ftsbedingungen","robots":{"index":"index","follow":"follow","max-snippet":"max-snippet:-1","max-image-preview":"max-image-preview:large","max-video-preview":"max-video-preview:-1"},"canonical":"https:\/\/www.silent-ride.ch\/wordpress\/terms-and-conditions\/","og_locale":"de_DE","og_type":"article","og_title":"Allgemeine Gesch\u00e4ftsbedingungen - E-Scooter &amp; E-Roller Shop | Elektroroller Service","og_description":"AGB Allgemeine Gesch\u00e4ftsbedingungen","og_url":"https:\/\/www.silent-ride.ch\/wordpress\/terms-and-conditions\/","og_site_name":"E-Scooter &amp; E-Roller Shop | Elektroroller Service","article_modified_time":"2026-01-31T12:22:56+00:00","twitter_card":"summary_large_image","twitter_site":"@Silent_Ride_ch","twitter_misc":{"Gesch\u00e4tzte Lesezeit":"5\u00a0Minuten"},"schema":{"@context":"https:\/\/schema.org","@graph":[{"@type":"Organization","@id":"https:\/\/www.silent-ride.ch\/wordpress\/#organization","name":"silent-ride.ch","url":"https:\/\/www.silent-ride.ch\/wordpress\/","sameAs":["https:\/\/www.instagram.com\/silent_ride.ch\/","https:\/\/twitter.com\/Silent_Ride_ch"],"logo":{"@type":"ImageObject","inLanguage":"de","@id":"https:\/\/www.silent-ride.ch\/wordpress\/#\/schema\/logo\/image\/","url":"https:\/\/www.silent-ride.ch\/wordpress\/wp-content\/uploads\/2020\/04\/Quadrat-Logo-799x799-1-e1586244956863.jpg","contentUrl":"https:\/\/www.silent-ride.ch\/wordpress\/wp-content\/uploads\/2020\/04\/Quadrat-Logo-799x799-1-e1586244956863.jpg","width":329,"height":317,"caption":"silent-ride.ch"},"image":{"@id":"https:\/\/www.silent-ride.ch\/wordpress\/#\/schema\/logo\/image\/"}},{"@type":"WebSite","@id":"https:\/\/www.silent-ride.ch\/wordpress\/#website","url":"https:\/\/www.silent-ride.ch\/wordpress\/","name":"E-Scooter &amp; E-Roller Shop | Elektroroller Service","description":"eRoller und eScooter kaufen oder mieten","publisher":{"@id":"https:\/\/www.silent-ride.ch\/wordpress\/#organization"},"potentialAction":[{"@type":"SearchAction","target":{"@type":"EntryPoint","urlTemplate":"https:\/\/www.silent-ride.ch\/wordpress\/?s={search_term_string}"},"query-input":"required name=search_term_string"}],"inLanguage":"de"},{"@type":"WebPage","@id":"https:\/\/www.silent-ride.ch\/wordpress\/terms-and-conditions\/#webpage","url":"https:\/\/www.silent-ride.ch\/wordpress\/terms-and-conditions\/","name":"Allgemeine Gesch\u00e4ftsbedingungen - E-Scooter &amp; E-Roller Shop | Elektroroller Service","isPartOf":{"@id":"https:\/\/www.silent-ride.ch\/wordpress\/#website"},"datePublished":"2019-04-09T12:33:57+00:00","dateModified":"2026-01-31T12:22:56+00:00","description":"AGB Allgemeine Gesch\u00e4ftsbedingungen","breadcrumb":{"@id":"https:\/\/www.silent-ride.ch\/wordpress\/terms-and-conditions\/#breadcrumb"},"inLanguage":"de","potentialAction":[{"@type":"ReadAction","target":["https:\/\/www.silent-ride.ch\/wordpress\/terms-and-conditions\/"]}]},{"@type":"BreadcrumbList","@id":"https:\/\/www.silent-ride.ch\/wordpress\/terms-and-conditions\/#breadcrumb","itemListElement":[{"@type":"ListItem","position":1,"name":"Startseite","item":"https:\/\/www.silent-ride.ch\/wordpress\/"},{"@type":"ListItem","position":2,"name":"Allgemeine Gesch\u00e4ftsbedingungen"}]}]}},"_links":{"self":[{"href":"https:\/\/www.silent-ride.ch\/wordpress\/wp-json\/wp\/v2\/pages\/608"}],"collection":[{"href":"https:\/\/www.silent-ride.ch\/wordpress\/wp-json\/wp\/v2\/pages"}],"about":[{"href":"https:\/\/www.silent-ride.ch\/wordpress\/wp-json\/wp\/v2\/types\/page"}],"author":[{"embeddable":true,"href":"https:\/\/www.silent-ride.ch\/wordpress\/wp-json\/wp\/v2\/users\/1"}],"replies":[{"embeddable":true,"href":"https:\/\/www.silent-ride.ch\/wordpress\/wp-json\/wp\/v2\/comments?post=608"}],"version-history":[{"count":55,"href":"https:\/\/www.silent-ride.ch\/wordpress\/wp-json\/wp\/v2\/pages\/608\/revisions"}],"predecessor-version":[{"id":9078,"href":"https:\/\/www.silent-ride.ch\/wordpress\/wp-json\/wp\/v2\/pages\/608\/revisions\/9078"}],"wp:attachment":[{"href":"https:\/\/www.silent-ride.ch\/wordpress\/wp-json\/wp\/v2\/media?parent=608"}],"curies":[{"name":"wp","href":"https:\/\/api.w.org\/{rel}","templated":true}]}}